{"id":23229,"date":"2021-04-12T12:41:46","date_gmt":"2021-04-12T10:41:47","guid":{"rendered":"https:\/\/deivid.vservers.es\/seyart\/?post_type=product&#038;p=23229"},"modified":"2021-04-12T12:58:17","modified_gmt":"2021-04-12T10:58:17","slug":"rosa-en-penjoll-de-vidre","status":"publish","type":"product","link":"https:\/\/seyart.com\/ca\/tienda\/sin-categorizar-2\/rosa-en-penjoll-de-vidre\/","title":{"rendered":"ROSA EN PENJOLL DE VIDRE \u00d4VAL"},"content":{"rendered":"","protected":false},"excerpt":{"rendered":"<p>Penjoll de vidre \u00f2ptic mass\u00eds 6x21x25 mm tallat en forma diamantada amb gravat interior l\u00e0ser d&#8217;una rosa 2D. La tecnologia l\u00e0ser permet la realitzaci\u00f3 de milers de microesquerdes a l\u2019interior del vidre de forma controlada per crear la imatge o foto amb total nitidesa i detall. Cadena de llaut\u00f3 de 40 cm.<\/p>\n<p>Presentat amb estoig decoratiu i protector i certificat de qualitat.<\/p>\n","protected":false},"featured_media":23231,"comment_status":"open","ping_status":"closed","template":"","meta":{"_acf_changed":false,"_et_pb_use_builder":"","_et_pb_old_content":"","_et_gb_content_width":""},"product_brand":[],"product_cat":[551],"product_tag":[],"class_list":{"0":"post-23229","1":"product","2":"type-product","3":"status-publish","4":"has-post-thumbnail","6":"product_cat-sin-categorizar-2","7":"pa_mida-25x84x90","8":"pa_mida-35x110x115","10":"first","11":"outofstock","12":"shipping-taxable","13":"purchasable","14":"product-type-simple"},"acf":[],"_links":{"self":[{"href":"https:\/\/seyart.com\/ca\/wp-json\/wp\/v2\/product\/23229","targetHints":{"allow":["GET"]}}],"collection":[{"href":"https:\/\/seyart.com\/ca\/wp-json\/wp\/v2\/product"}],"about":[{"href":"https:\/\/seyart.com\/ca\/wp-json\/wp\/v2\/types\/product"}],"replies":[{"embeddable":true,"href":"https:\/\/seyart.com\/ca\/wp-json\/wp\/v2\/comments?post=23229"}],"wp:featuredmedia":[{"embeddable":true,"href":"https:\/\/seyart.com\/ca\/wp-json\/wp\/v2\/media\/23231"}],"wp:attachment":[{"href":"https:\/\/seyart.com\/ca\/wp-json\/wp\/v2\/media?parent=23229"}],"wp:term":[{"taxonomy":"product_brand","embeddable":true,"href":"https:\/\/seyart.com\/ca\/wp-json\/wp\/v2\/product_brand?post=23229"},{"taxonomy":"product_cat","embeddable":true,"href":"https:\/\/seyart.com\/ca\/wp-json\/wp\/v2\/product_cat?post=23229"},{"taxonomy":"product_tag","embeddable":true,"href":"https:\/\/seyart.com\/ca\/wp-json\/wp\/v2\/product_tag?post=23229"}],"curies":[{"name":"wp","href":"https:\/\/api.w.org\/{rel}","templated":true}]}}