{"id":23123,"date":"2021-04-06T10:27:19","date_gmt":"2021-04-06T08:27:21","guid":{"rendered":"https:\/\/deivid.vservers.es\/seyart\/?post_type=product&#038;p=23123"},"modified":"2022-04-20T10:01:06","modified_gmt":"2022-04-20T08:01:06","slug":"amulet-vidre-rosa-3d","status":"publish","type":"product","link":"https:\/\/seyart.com\/ca\/tienda\/tots-els-productes\/amulet-vidre-rosa-3d\/","title":{"rendered":"AMULET DE VIDRE AMB ROSA 3D"},"content":{"rendered":"","protected":false},"excerpt":{"rendered":"<div class=\"et_pb_module et_pb_wc_title et_pb_wc_title_0 et_pb_bg_layout_light\">\n<div class=\"et_pb_module_inner\">\n<p>Amulet de vidre \u00f2ptic mass\u00eds 10x12x18 mm amb gravat interior l\u00e0ser d&#8217;una rosa 3D. La tecnologia l\u00e0ser permet la realitzaci\u00f3 de milers de microesquerdes a l&#8217;interior del vidre de forma controlada, per crear la imatge amb total nitidesa i detall.<\/p>\n<p>Presentat en bosseta de vellut.<\/p>\n<\/div>\n<\/div>\n","protected":false},"featured_media":23129,"comment_status":"open","ping_status":"closed","template":"","meta":{"_acf_changed":false,"_et_pb_use_builder":"","_et_pb_old_content":"","_et_gb_content_width":""},"product_brand":[],"product_cat":[597,356],"product_tag":[],"class_list":{"0":"post-23123","1":"product","2":"type-product","3":"status-publish","4":"has-post-thumbnail","6":"product_cat-promos","7":"product_cat-tots-els-productes","8":"pa_mida-25x84x90","9":"pa_mida-35x110x115","11":"first","12":"instock","13":"shipping-taxable","14":"purchasable","15":"product-type-simple"},"acf":[],"_links":{"self":[{"href":"https:\/\/seyart.com\/ca\/wp-json\/wp\/v2\/product\/23123","targetHints":{"allow":["GET"]}}],"collection":[{"href":"https:\/\/seyart.com\/ca\/wp-json\/wp\/v2\/product"}],"about":[{"href":"https:\/\/seyart.com\/ca\/wp-json\/wp\/v2\/types\/product"}],"replies":[{"embeddable":true,"href":"https:\/\/seyart.com\/ca\/wp-json\/wp\/v2\/comments?post=23123"}],"wp:featuredmedia":[{"embeddable":true,"href":"https:\/\/seyart.com\/ca\/wp-json\/wp\/v2\/media\/23129"}],"wp:attachment":[{"href":"https:\/\/seyart.com\/ca\/wp-json\/wp\/v2\/media?parent=23123"}],"wp:term":[{"taxonomy":"product_brand","embeddable":true,"href":"https:\/\/seyart.com\/ca\/wp-json\/wp\/v2\/product_brand?post=23123"},{"taxonomy":"product_cat","embeddable":true,"href":"https:\/\/seyart.com\/ca\/wp-json\/wp\/v2\/product_cat?post=23123"},{"taxonomy":"product_tag","embeddable":true,"href":"https:\/\/seyart.com\/ca\/wp-json\/wp\/v2\/product_tag?post=23123"}],"curies":[{"name":"wp","href":"https:\/\/api.w.org\/{rel}","templated":true}]}}