{"id":22857,"date":"2021-02-26T18:50:11","date_gmt":"2021-02-26T17:50:13","guid":{"rendered":"https:\/\/deivid.vservers.es\/seyart\/?post_type=product&#038;p=22857"},"modified":"2024-03-24T21:05:03","modified_gmt":"2024-03-24T20:05:03","slug":"rosa-3d-testimo-sant-jordi-2021","status":"publish","type":"product","link":"https:\/\/seyart.com\/ca\/tienda\/tots-els-productes\/rosa-3d-testimo-sant-jordi-2021\/","title":{"rendered":"ROSA 3D T&#8217;ESTIMO"},"content":{"rendered":"","protected":false},"excerpt":{"rendered":"<div class=\"et_pb_module et_pb_wc_title et_pb_wc_title_0 et_pb_bg_layout_light\">\n<div class=\"et_pb_module_inner\">\n<p>Vidre \u00f2ptic mass\u00eds amb disseny d&#8217;escultura, personalitzat amb una rosa 3D i la dedicat\u00f2ria &#8220;T&#8217;estimo&#8221;. La tecnologia l\u00e0ser permet la realitzaci\u00f3 de milers de microesquerdes a l&#8217;interior del vidre de forma controlada per crear la imatge o foto amb total nitidesa i detall.<\/p>\n<p>Presentat amb estoig decoratiu i protector i certificat de qualitat.<\/p>\n<\/div>\n<\/div>\n","protected":false},"featured_media":23113,"comment_status":"open","ping_status":"closed","template":"","meta":{"_acf_changed":false,"_et_pb_use_builder":"","_et_pb_old_content":"","_et_gb_content_width":""},"product_brand":[],"product_cat":[597,356],"product_tag":[],"class_list":{"0":"post-22857","1":"product","2":"type-product","3":"status-publish","4":"has-post-thumbnail","6":"product_cat-promos","7":"product_cat-tots-els-productes","8":"pa_mida-25x84x90","9":"pa_mida-35x110x115","11":"first","12":"instock","13":"shipping-taxable","14":"purchasable","15":"product-type-variable"},"acf":[],"_links":{"self":[{"href":"https:\/\/seyart.com\/ca\/wp-json\/wp\/v2\/product\/22857","targetHints":{"allow":["GET"]}}],"collection":[{"href":"https:\/\/seyart.com\/ca\/wp-json\/wp\/v2\/product"}],"about":[{"href":"https:\/\/seyart.com\/ca\/wp-json\/wp\/v2\/types\/product"}],"replies":[{"embeddable":true,"href":"https:\/\/seyart.com\/ca\/wp-json\/wp\/v2\/comments?post=22857"}],"wp:featuredmedia":[{"embeddable":true,"href":"https:\/\/seyart.com\/ca\/wp-json\/wp\/v2\/media\/23113"}],"wp:attachment":[{"href":"https:\/\/seyart.com\/ca\/wp-json\/wp\/v2\/media?parent=22857"}],"wp:term":[{"taxonomy":"product_brand","embeddable":true,"href":"https:\/\/seyart.com\/ca\/wp-json\/wp\/v2\/product_brand?post=22857"},{"taxonomy":"product_cat","embeddable":true,"href":"https:\/\/seyart.com\/ca\/wp-json\/wp\/v2\/product_cat?post=22857"},{"taxonomy":"product_tag","embeddable":true,"href":"https:\/\/seyart.com\/ca\/wp-json\/wp\/v2\/product_tag?post=22857"}],"curies":[{"name":"wp","href":"https:\/\/api.w.org\/{rel}","templated":true}]}}