{"id":22829,"date":"2021-02-26T18:03:07","date_gmt":"2021-02-26T17:03:07","guid":{"rendered":"https:\/\/deivid.vservers.es\/seyart\/?post_type=product&#038;p=22829"},"modified":"2021-02-26T18:08:59","modified_gmt":"2021-02-26T17:08:59","slug":"clauer-led-llibertat","status":"publish","type":"product","link":"https:\/\/seyart.com\/ca\/tienda\/tots-els-productes\/clauer-led-llibertat\/","title":{"rendered":"Clauer led LLIBERTAT"},"content":{"rendered":"","protected":false},"excerpt":{"rendered":"<div class=\"et_pb_module et_pb_wc_title et_pb_wc_title_0 et_pb_bg_layout_light\">\n<div class=\"et_pb_module_inner\">Clauer de vidre amb llum led i gravat 2D de la paraula LLIBERTAT. La foto gravada amb l\u00e0ser \u00e9s una tecnologia que mitjan\u00e7ant la realitzaci\u00f3 de microesquerdes a l\u2019interior del vidre de manera controlada, permet crear la imatge o foto amb total nitidesa i detall.<\/div>\n<\/div>\n<div class=\"et_pb_module et_pb_wc_description et_pb_wc_description_0 et_pb_bg_layout_light et_pb_text_align_left\">\n<div class=\"et_pb_module_inner\">Presentat en estoig decoratiu i protector i certificat de qualitat. Pila de recanvi inclosa. Un regal original i \u00fanic.<\/div>\n<\/div>\n","protected":false},"featured_media":22845,"comment_status":"open","ping_status":"closed","template":"","meta":{"_acf_changed":false,"_et_pb_use_builder":"","_et_pb_old_content":"","_et_gb_content_width":""},"product_brand":[],"product_cat":[597,356],"product_tag":[],"class_list":{"0":"post-22829","1":"product","2":"type-product","3":"status-publish","4":"has-post-thumbnail","6":"product_cat-promos","7":"product_cat-tots-els-productes","9":"first","10":"instock","11":"sale","12":"shipping-taxable","13":"purchasable","14":"product-type-simple"},"acf":[],"_links":{"self":[{"href":"https:\/\/seyart.com\/ca\/wp-json\/wp\/v2\/product\/22829","targetHints":{"allow":["GET"]}}],"collection":[{"href":"https:\/\/seyart.com\/ca\/wp-json\/wp\/v2\/product"}],"about":[{"href":"https:\/\/seyart.com\/ca\/wp-json\/wp\/v2\/types\/product"}],"replies":[{"embeddable":true,"href":"https:\/\/seyart.com\/ca\/wp-json\/wp\/v2\/comments?post=22829"}],"wp:featuredmedia":[{"embeddable":true,"href":"https:\/\/seyart.com\/ca\/wp-json\/wp\/v2\/media\/22845"}],"wp:attachment":[{"href":"https:\/\/seyart.com\/ca\/wp-json\/wp\/v2\/media?parent=22829"}],"wp:term":[{"taxonomy":"product_brand","embeddable":true,"href":"https:\/\/seyart.com\/ca\/wp-json\/wp\/v2\/product_brand?post=22829"},{"taxonomy":"product_cat","embeddable":true,"href":"https:\/\/seyart.com\/ca\/wp-json\/wp\/v2\/product_cat?post=22829"},{"taxonomy":"product_tag","embeddable":true,"href":"https:\/\/seyart.com\/ca\/wp-json\/wp\/v2\/product_tag?post=22829"}],"curies":[{"name":"wp","href":"https:\/\/api.w.org\/{rel}","templated":true}]}}