{"id":18232,"date":"2020-09-20T10:08:44","date_gmt":"2020-09-20T08:08:44","guid":{"rendered":"https:\/\/deivid.vservers.es\/seyart\/nova\/tienda\/Sense%20categoria\/vidre-rectangular-amb-base-de-granit-2\/"},"modified":"2024-06-20T10:16:37","modified_gmt":"2024-06-20T08:16:37","slug":"vidre-rectangular-amb-base-de-granit-2","status":"publish","type":"product","link":"https:\/\/seyart.com\/ca\/tienda\/crystal-laser\/fotografia-gravada-en-vidre\/vidre-rectangular-amb-base-de-granit-2\/","title":{"rendered":"VIDRE RECTANGULAR AMB BASE DE GRANIT"},"content":{"rendered":"","protected":false},"excerpt":{"rendered":"<p>STONE COLLECTION. Bloc de vidre \u00f2ptic mass\u00eds tallat en forma de prisma rectangular i personalitzat amb fotos gravades 2D (planes) i fotos 3D. Tamb\u00e9 permet afegir un text. Base de granit integrada.<\/p>\n<p>La foto gravada amb l\u00e0ser \u00e9s una tecnologia que mitjan\u00e7ant la realitzaci\u00f3 de microesquerdes a l&#8217;interior del vidre de manera controlada, permet crear la imatge o foto amb total nitidesa i detall.<\/p>\n<p>Presentat en estoig decoratiu i protector i certificat de qualitat. Un regal original i \u00fanic.<\/p>\n","protected":false},"featured_media":18970,"comment_status":"closed","ping_status":"closed","template":"","meta":{"_acf_changed":false,"_et_pb_use_builder":"","_et_pb_old_content":"","_et_gb_content_width":""},"product_brand":[],"product_cat":[186,356,188,35],"product_tag":[],"class_list":{"0":"post-18232","1":"product","2":"type-product","3":"status-publish","4":"has-post-thumbnail","6":"product_cat-fotografia-gravada-en-vidre","7":"product_cat-tots-els-productes","8":"product_cat-tots-els-tipus-de-vidre","9":"product_cat-crystal-laser","10":"pa_mida-40x100x120-horitzontal-40mm-base","11":"pa_mida-40x100x120-vertical-40mm-base","12":"pa_mida-50x100x150-horitzontal-50mm-base","13":"pa_mida-50x100x150-vertical-50mm-base","15":"first","16":"instock","17":"purchasable","18":"product-type-variable"},"acf":[],"_links":{"self":[{"href":"https:\/\/seyart.com\/ca\/wp-json\/wp\/v2\/product\/18232","targetHints":{"allow":["GET"]}}],"collection":[{"href":"https:\/\/seyart.com\/ca\/wp-json\/wp\/v2\/product"}],"about":[{"href":"https:\/\/seyart.com\/ca\/wp-json\/wp\/v2\/types\/product"}],"replies":[{"embeddable":true,"href":"https:\/\/seyart.com\/ca\/wp-json\/wp\/v2\/comments?post=18232"}],"wp:featuredmedia":[{"embeddable":true,"href":"https:\/\/seyart.com\/ca\/wp-json\/wp\/v2\/media\/18970"}],"wp:attachment":[{"href":"https:\/\/seyart.com\/ca\/wp-json\/wp\/v2\/media?parent=18232"}],"wp:term":[{"taxonomy":"product_brand","embeddable":true,"href":"https:\/\/seyart.com\/ca\/wp-json\/wp\/v2\/product_brand?post=18232"},{"taxonomy":"product_cat","embeddable":true,"href":"https:\/\/seyart.com\/ca\/wp-json\/wp\/v2\/product_cat?post=18232"},{"taxonomy":"product_tag","embeddable":true,"href":"https:\/\/seyart.com\/ca\/wp-json\/wp\/v2\/product_tag?post=18232"}],"curies":[{"name":"wp","href":"https:\/\/api.w.org\/{rel}","templated":true}]}}