{"id":16686,"date":"2020-09-20T13:20:33","date_gmt":"2020-09-20T11:20:33","guid":{"rendered":"https:\/\/deivid.vservers.es\/seyart\/nova\/tienda\/sin%20categor\u00eda\/collaret-de-plata-de-llei-down\/"},"modified":"2020-10-20T17:31:43","modified_gmt":"2020-10-20T15:31:43","slug":"collaret-de-plata-de-llei-down","status":"publish","type":"product","link":"https:\/\/seyart.com\/ca\/tienda\/jewels\/collarets\/collaret-de-plata-de-llei-down\/","title":{"rendered":"collaret de plata de llei DOWN"},"content":{"rendered":"","protected":false},"excerpt":{"rendered":"<p>Collaret rod\u00f3 de plata de llei amb la paraula &#8220;DOWN&#8221; escrita a m\u00e0 repetidament. Cadena de plata de llei rodona de 50cm amb tanca mosquet\u00f3.<br \/>\nAqu\u00ed pots veure el dibuix original amb qu\u00e8 es va dissenyar la pe\u00e7a.<br \/>\nPe\u00e7a codissenyada per joves amb s\u00edndrome de Down i Ramon Royes.<\/p>\n","protected":false},"featured_media":14982,"comment_status":"closed","ping_status":"closed","template":"","meta":{"_acf_changed":false,"_et_pb_use_builder":"","_et_pb_old_content":"","_et_gb_content_width":""},"product_brand":[],"product_cat":[266,356,37,44],"product_tag":[],"class_list":{"0":"post-16686","1":"product","2":"type-product","3":"status-publish","4":"has-post-thumbnail","6":"product_cat-20-off-joies-plata","7":"product_cat-tots-els-productes","8":"product_cat-jewels","9":"product_cat-collarets","10":"pa_col-leccio-be-tolerant","11":"pa_talla-s","12":"pa_talla-jewel-s","14":"first","15":"instock","16":"purchasable","17":"product-type-simple"},"acf":[],"_links":{"self":[{"href":"https:\/\/seyart.com\/ca\/wp-json\/wp\/v2\/product\/16686","targetHints":{"allow":["GET"]}}],"collection":[{"href":"https:\/\/seyart.com\/ca\/wp-json\/wp\/v2\/product"}],"about":[{"href":"https:\/\/seyart.com\/ca\/wp-json\/wp\/v2\/types\/product"}],"replies":[{"embeddable":true,"href":"https:\/\/seyart.com\/ca\/wp-json\/wp\/v2\/comments?post=16686"}],"wp:featuredmedia":[{"embeddable":true,"href":"https:\/\/seyart.com\/ca\/wp-json\/wp\/v2\/media\/14982"}],"wp:attachment":[{"href":"https:\/\/seyart.com\/ca\/wp-json\/wp\/v2\/media?parent=16686"}],"wp:term":[{"taxonomy":"product_brand","embeddable":true,"href":"https:\/\/seyart.com\/ca\/wp-json\/wp\/v2\/product_brand?post=16686"},{"taxonomy":"product_cat","embeddable":true,"href":"https:\/\/seyart.com\/ca\/wp-json\/wp\/v2\/product_cat?post=16686"},{"taxonomy":"product_tag","embeddable":true,"href":"https:\/\/seyart.com\/ca\/wp-json\/wp\/v2\/product_tag?post=16686"}],"curies":[{"name":"wp","href":"https:\/\/api.w.org\/{rel}","templated":true}]}}