{"id":16683,"date":"2020-09-20T13:20:33","date_gmt":"2020-09-20T11:20:33","guid":{"rendered":"https:\/\/deivid.vservers.es\/seyart\/nova\/tienda\/sin%20categor\u00eda\/collaret-de-plata-de-llei-nuvol\/"},"modified":"2020-10-21T09:54:47","modified_gmt":"2020-10-21T07:54:47","slug":"collaret-de-plata-de-llei-nuvol","status":"publish","type":"product","link":"https:\/\/seyart.com\/ca\/tienda\/jewels\/collarets\/collaret-de-plata-de-llei-nuvol\/","title":{"rendered":"collaret de plata de llei N\u00daVOL"},"content":{"rendered":"","protected":false},"excerpt":{"rendered":"<p>Collaret ovalat de plata de llei amb el dibuix d&#8217;un n\u00favol amb pluja. Cadena de plata de llei rodona de 50cm amb tanca mosquet\u00f3. Disponible en dues mides.<br \/>\nAqu\u00ed pots veure el dibuix original amb qu\u00e8 es va dissenyar la pe\u00e7a.<br \/>\nPe\u00e7a codissenyada per joves amb s\u00edndrome de Down i Ramon Royes.<\/p>\n","protected":false},"featured_media":14961,"comment_status":"closed","ping_status":"open","template":"","meta":{"_acf_changed":false,"_et_pb_use_builder":"","_et_pb_old_content":"","_et_gb_content_width":""},"product_brand":[],"product_cat":[266,356,37,44],"product_tag":[],"class_list":{"0":"post-16683","1":"product","2":"type-product","3":"status-publish","4":"has-post-thumbnail","6":"product_cat-20-off-joies-plata","7":"product_cat-tots-els-productes","8":"product_cat-jewels","9":"product_cat-collarets","10":"pa_col-leccio-be-tolerant","11":"pa_talla-l","12":"pa_talla-s","13":"pa_talla-jewel-s","14":"pa_talla-jewel-l","16":"first","17":"instock","18":"purchasable","19":"product-type-variable"},"acf":[],"_links":{"self":[{"href":"https:\/\/seyart.com\/ca\/wp-json\/wp\/v2\/product\/16683","targetHints":{"allow":["GET"]}}],"collection":[{"href":"https:\/\/seyart.com\/ca\/wp-json\/wp\/v2\/product"}],"about":[{"href":"https:\/\/seyart.com\/ca\/wp-json\/wp\/v2\/types\/product"}],"replies":[{"embeddable":true,"href":"https:\/\/seyart.com\/ca\/wp-json\/wp\/v2\/comments?post=16683"}],"wp:featuredmedia":[{"embeddable":true,"href":"https:\/\/seyart.com\/ca\/wp-json\/wp\/v2\/media\/14961"}],"wp:attachment":[{"href":"https:\/\/seyart.com\/ca\/wp-json\/wp\/v2\/media?parent=16683"}],"wp:term":[{"taxonomy":"product_brand","embeddable":true,"href":"https:\/\/seyart.com\/ca\/wp-json\/wp\/v2\/product_brand?post=16683"},{"taxonomy":"product_cat","embeddable":true,"href":"https:\/\/seyart.com\/ca\/wp-json\/wp\/v2\/product_cat?post=16683"},{"taxonomy":"product_tag","embeddable":true,"href":"https:\/\/seyart.com\/ca\/wp-json\/wp\/v2\/product_tag?post=16683"}],"curies":[{"name":"wp","href":"https:\/\/api.w.org\/{rel}","templated":true}]}}