{"id":16639,"date":"2020-09-20T13:19:19","date_gmt":"2020-09-20T11:19:19","guid":{"rendered":"https:\/\/deivid.vservers.es\/seyart\/nova\/tienda\/sin%20categor\u00eda\/collaret-de-plata-de-llei-sandy-tear\/"},"modified":"2020-10-20T16:49:19","modified_gmt":"2020-10-20T14:49:19","slug":"collaret-de-plata-de-llei-sandy-tear","status":"publish","type":"product","link":"https:\/\/seyart.com\/ca\/tienda\/jewels\/collarets\/collaret-de-plata-de-llei-sandy-tear\/","title":{"rendered":"collaret de plata de llei SANDY TEAR"},"content":{"rendered":"","protected":false},"excerpt":{"rendered":"<p>Arracades de plata de llei en forma de ll\u00e0grima i zirc\u00f2nies de color caramel. Cadena de plata de llei rodona de 50cm amb tanca mosquet\u00f3.<\/p>\n","protected":false},"featured_media":15231,"comment_status":"closed","ping_status":"closed","template":"","meta":{"_acf_changed":false,"_et_pb_use_builder":"","_et_pb_old_content":"","_et_gb_content_width":""},"product_brand":[],"product_cat":[266,356,37,44],"product_tag":[],"class_list":{"0":"post-16639","1":"product","2":"type-product","3":"status-publish","4":"has-post-thumbnail","6":"product_cat-20-off-joies-plata","7":"product_cat-tots-els-productes","8":"product_cat-jewels","9":"product_cat-collarets","10":"pa_col-leccio-be-glam","11":"pa_talla-240","13":"first","14":"instock","15":"purchasable","16":"product-type-simple"},"acf":[],"_links":{"self":[{"href":"https:\/\/seyart.com\/ca\/wp-json\/wp\/v2\/product\/16639","targetHints":{"allow":["GET"]}}],"collection":[{"href":"https:\/\/seyart.com\/ca\/wp-json\/wp\/v2\/product"}],"about":[{"href":"https:\/\/seyart.com\/ca\/wp-json\/wp\/v2\/types\/product"}],"replies":[{"embeddable":true,"href":"https:\/\/seyart.com\/ca\/wp-json\/wp\/v2\/comments?post=16639"}],"wp:featuredmedia":[{"embeddable":true,"href":"https:\/\/seyart.com\/ca\/wp-json\/wp\/v2\/media\/15231"}],"wp:attachment":[{"href":"https:\/\/seyart.com\/ca\/wp-json\/wp\/v2\/media?parent=16639"}],"wp:term":[{"taxonomy":"product_brand","embeddable":true,"href":"https:\/\/seyart.com\/ca\/wp-json\/wp\/v2\/product_brand?post=16639"},{"taxonomy":"product_cat","embeddable":true,"href":"https:\/\/seyart.com\/ca\/wp-json\/wp\/v2\/product_cat?post=16639"},{"taxonomy":"product_tag","embeddable":true,"href":"https:\/\/seyart.com\/ca\/wp-json\/wp\/v2\/product_tag?post=16639"}],"curies":[{"name":"wp","href":"https:\/\/api.w.org\/{rel}","templated":true}]}}