{"id":16611,"date":"2020-09-20T13:18:59","date_gmt":"2020-09-20T11:18:59","guid":{"rendered":"https:\/\/deivid.vservers.es\/seyart\/nova\/tienda\/sin%20categor\u00eda\/collaret-de-plata-de-llei-toasted\/"},"modified":"2021-02-25T10:08:14","modified_gmt":"2021-02-25T09:08:14","slug":"collaret-de-plata-de-llei-toasted","status":"publish","type":"product","link":"https:\/\/seyart.com\/ca\/tienda\/jewels\/collarets\/collaret-de-plata-de-llei-toasted\/","title":{"rendered":"collaret de plata de llei TOASTED"},"content":{"rendered":"","protected":false},"excerpt":{"rendered":"<p>Collaret rectangular de plata de llei i combinaci\u00f3 de zirc\u00f2nies de tons caramel. Cadena de plata de llei rodona de 50cm amb tanca mosquet\u00f3.<br \/>\nDisseny: Equip Seyart<\/p>\n","protected":false},"featured_media":15534,"comment_status":"closed","ping_status":"closed","template":"","meta":{"_acf_changed":false,"_et_pb_use_builder":"","_et_pb_old_content":"","_et_gb_content_width":""},"product_brand":[],"product_cat":[266,356,37,44],"product_tag":[],"class_list":{"0":"post-16611","1":"product","2":"type-product","3":"status-publish","4":"has-post-thumbnail","6":"product_cat-20-off-joies-plata","7":"product_cat-tots-els-productes","8":"product_cat-jewels","9":"product_cat-collarets","10":"pa_col-leccio-be-glam","11":"pa_talla-240","13":"first","14":"instock","15":"featured","16":"purchasable","17":"product-type-simple"},"acf":[],"_links":{"self":[{"href":"https:\/\/seyart.com\/ca\/wp-json\/wp\/v2\/product\/16611","targetHints":{"allow":["GET"]}}],"collection":[{"href":"https:\/\/seyart.com\/ca\/wp-json\/wp\/v2\/product"}],"about":[{"href":"https:\/\/seyart.com\/ca\/wp-json\/wp\/v2\/types\/product"}],"replies":[{"embeddable":true,"href":"https:\/\/seyart.com\/ca\/wp-json\/wp\/v2\/comments?post=16611"}],"wp:featuredmedia":[{"embeddable":true,"href":"https:\/\/seyart.com\/ca\/wp-json\/wp\/v2\/media\/15534"}],"wp:attachment":[{"href":"https:\/\/seyart.com\/ca\/wp-json\/wp\/v2\/media?parent=16611"}],"wp:term":[{"taxonomy":"product_brand","embeddable":true,"href":"https:\/\/seyart.com\/ca\/wp-json\/wp\/v2\/product_brand?post=16611"},{"taxonomy":"product_cat","embeddable":true,"href":"https:\/\/seyart.com\/ca\/wp-json\/wp\/v2\/product_cat?post=16611"},{"taxonomy":"product_tag","embeddable":true,"href":"https:\/\/seyart.com\/ca\/wp-json\/wp\/v2\/product_tag?post=16611"}],"curies":[{"name":"wp","href":"https:\/\/api.w.org\/{rel}","templated":true}]}}