{"id":16446,"date":"2020-09-20T13:14:39","date_gmt":"2020-09-20T11:14:39","guid":{"rendered":"https:\/\/deivid.vservers.es\/seyart\/nova\/tienda\/sin%20categor\u00eda\/collaret-dacer-africa\/"},"modified":"2024-12-08T11:34:14","modified_gmt":"2024-12-08T10:34:14","slug":"collaret-dacer-africa","status":"publish","type":"product","link":"https:\/\/seyart.com\/ca\/tienda\/jewels\/collarets\/collaret-dacer-africa\/","title":{"rendered":"collaret d&#8217;acer AFRICA"},"content":{"rendered":"","protected":false},"excerpt":{"rendered":"<p>Collaret AFRICA d&#8217;acer amb la silueta del continent simulant les ratlles d&#8217;una zebra. Cord\u00f3 doble combinat amb dos tons de marr\u00f3 i tanca a pressi\u00f3 en les mides M i L. Cord\u00f3 negre de cot\u00f3 amb tanca mosquet\u00f3 en les mides XS i S. Disponible en quatre mides.<br \/>\nDisseny: Ramon Royes<\/p>\n","protected":false},"featured_media":14301,"comment_status":"closed","ping_status":"closed","template":"","meta":{"_acf_changed":false,"_et_pb_use_builder":"","_et_pb_old_content":"","_et_gb_content_width":""},"product_brand":[],"product_cat":[356,37,44],"product_tag":[],"class_list":{"0":"post-16446","1":"product","2":"type-product","3":"status-publish","4":"has-post-thumbnail","6":"product_cat-tots-els-productes","7":"product_cat-jewels","8":"product_cat-collarets","9":"pa_col-leccio-be-tolerant","10":"pa_talla-l","11":"pa_talla-m","12":"pa_talla-s","13":"pa_talla-xs","14":"pa_talla-jewel-xs","15":"pa_talla-jewel-s","16":"pa_talla-jewel-m","17":"pa_talla-jewel-l","19":"first","20":"instock","21":"featured","22":"purchasable","23":"product-type-variable"},"acf":[],"_links":{"self":[{"href":"https:\/\/seyart.com\/ca\/wp-json\/wp\/v2\/product\/16446","targetHints":{"allow":["GET"]}}],"collection":[{"href":"https:\/\/seyart.com\/ca\/wp-json\/wp\/v2\/product"}],"about":[{"href":"https:\/\/seyart.com\/ca\/wp-json\/wp\/v2\/types\/product"}],"replies":[{"embeddable":true,"href":"https:\/\/seyart.com\/ca\/wp-json\/wp\/v2\/comments?post=16446"}],"wp:featuredmedia":[{"embeddable":true,"href":"https:\/\/seyart.com\/ca\/wp-json\/wp\/v2\/media\/14301"}],"wp:attachment":[{"href":"https:\/\/seyart.com\/ca\/wp-json\/wp\/v2\/media?parent=16446"}],"wp:term":[{"taxonomy":"product_brand","embeddable":true,"href":"https:\/\/seyart.com\/ca\/wp-json\/wp\/v2\/product_brand?post=16446"},{"taxonomy":"product_cat","embeddable":true,"href":"https:\/\/seyart.com\/ca\/wp-json\/wp\/v2\/product_cat?post=16446"},{"taxonomy":"product_tag","embeddable":true,"href":"https:\/\/seyart.com\/ca\/wp-json\/wp\/v2\/product_tag?post=16446"}],"curies":[{"name":"wp","href":"https:\/\/api.w.org\/{rel}","templated":true}]}}