{"id":12165,"date":"2020-09-04T14:09:54","date_gmt":"2020-09-04T12:09:54","guid":{"rendered":"https:\/\/deivid.vservers.es\/seyart\/nova\/tienda\/sin%20categor\u00eda\/ciclista-de-carretera-3d\/"},"modified":"2024-07-25T11:05:53","modified_gmt":"2024-07-25T09:05:53","slug":"ciclista-de-carretera-3d","status":"publish","type":"product","link":"https:\/\/seyart.com\/ca\/tienda\/crystal-laser\/vidre-tematic\/esports\/ciclista-de-carretera-3d\/","title":{"rendered":"CICLISTA DE CARRETERA 3D"},"content":{"rendered":"","protected":false},"excerpt":{"rendered":"<p>Vidre \u00f2ptic mass\u00eds personalitzat amb imatge 3D gravada amb l\u00e0ser a l&#8217;interior. Permet personalitzar-ho amb un text.<\/p>\n<p>La foto gravada amb l\u00e0ser \u00e9s una tecnologia que mitjan\u00e7ant la realitzaci\u00f3 de microesquerdes a l&#8217;interior del vidre de manera controlada, permet crear la imatge o foto amb total nitidesa i detall.<\/p>\n<p>Presentat en estoig decoratiu i protector i certificat de qualitat. Un regal original i \u00fanic.<\/p>\n","protected":false},"featured_media":12931,"comment_status":"closed","ping_status":"closed","template":"","meta":{"_acf_changed":false,"_et_pb_use_builder":"","_et_pb_old_content":"","_et_gb_content_width":""},"product_brand":[],"product_cat":[233,356,188,232,35],"product_tag":[],"class_list":{"0":"post-12165","1":"product","2":"type-product","3":"status-publish","4":"has-post-thumbnail","6":"product_cat-esports","7":"product_cat-tots-els-productes","8":"product_cat-tots-els-tipus-de-vidre","9":"product_cat-vidre-tematic","10":"product_cat-crystal-laser","11":"pa_mida-30x60x80","12":"pa_mida-40x80x100","13":"pa_mida-40x100x120","14":"pa_mida-50x100x150","15":"pa_mida-60x120x200","16":"pa_mida-80x150x240","18":"first","19":"instock","20":"purchasable","21":"product-type-variable"},"acf":[],"_links":{"self":[{"href":"https:\/\/seyart.com\/ca\/wp-json\/wp\/v2\/product\/12165","targetHints":{"allow":["GET"]}}],"collection":[{"href":"https:\/\/seyart.com\/ca\/wp-json\/wp\/v2\/product"}],"about":[{"href":"https:\/\/seyart.com\/ca\/wp-json\/wp\/v2\/types\/product"}],"replies":[{"embeddable":true,"href":"https:\/\/seyart.com\/ca\/wp-json\/wp\/v2\/comments?post=12165"}],"wp:featuredmedia":[{"embeddable":true,"href":"https:\/\/seyart.com\/ca\/wp-json\/wp\/v2\/media\/12931"}],"wp:attachment":[{"href":"https:\/\/seyart.com\/ca\/wp-json\/wp\/v2\/media?parent=12165"}],"wp:term":[{"taxonomy":"product_brand","embeddable":true,"href":"https:\/\/seyart.com\/ca\/wp-json\/wp\/v2\/product_brand?post=12165"},{"taxonomy":"product_cat","embeddable":true,"href":"https:\/\/seyart.com\/ca\/wp-json\/wp\/v2\/product_cat?post=12165"},{"taxonomy":"product_tag","embeddable":true,"href":"https:\/\/seyart.com\/ca\/wp-json\/wp\/v2\/product_tag?post=12165"}],"curies":[{"name":"wp","href":"https:\/\/api.w.org\/{rel}","templated":true}]}}