{"id":12111,"date":"2020-09-04T14:09:29","date_gmt":"2020-09-04T12:09:29","guid":{"rendered":"https:\/\/deivid.vservers.es\/seyart\/nova\/tienda\/sin%20categor\u00eda\/escultura-de-la-rosa\/"},"modified":"2024-08-20T12:14:27","modified_gmt":"2024-08-20T10:14:27","slug":"escultura-de-la-rosa","status":"publish","type":"product","link":"https:\/\/seyart.com\/ca\/tienda\/crystal-laser\/tots-els-tipus-de-vidre\/escultura-de-la-rosa\/","title":{"rendered":"ESCULTURA DE LA ROSA"},"content":{"rendered":"","protected":false},"excerpt":{"rendered":"<p>Seguim cercant l&#8217;harmonia de les peces que engranen la vida.<br \/>\nEscultura de tres cubs de vidre \u00f2ptic mass\u00eds amb rosa 3D segmentada i gravada amb l\u00e0ser a l&#8217;interior. Presentat en estoig decoratiu i protector i certificat de qualitat.<\/p>\n","protected":false},"featured_media":12685,"comment_status":"closed","ping_status":"closed","template":"","meta":{"_acf_changed":false,"_et_pb_use_builder":"","_et_pb_old_content":"","_et_gb_content_width":""},"product_brand":[],"product_cat":[223,356,188,35],"product_tag":[],"class_list":{"0":"post-12111","1":"product","2":"type-product","3":"status-publish","4":"has-post-thumbnail","6":"product_cat-escultures-de-vidre","7":"product_cat-tots-els-productes","8":"product_cat-tots-els-tipus-de-vidre","9":"product_cat-crystal-laser","10":"pa_mida-50x50x50","11":"pa_mida-60x60x60","12":"pa_mida-80x80x80","14":"first","15":"instock","16":"purchasable","17":"product-type-variable"},"acf":[],"_links":{"self":[{"href":"https:\/\/seyart.com\/ca\/wp-json\/wp\/v2\/product\/12111","targetHints":{"allow":["GET"]}}],"collection":[{"href":"https:\/\/seyart.com\/ca\/wp-json\/wp\/v2\/product"}],"about":[{"href":"https:\/\/seyart.com\/ca\/wp-json\/wp\/v2\/types\/product"}],"replies":[{"embeddable":true,"href":"https:\/\/seyart.com\/ca\/wp-json\/wp\/v2\/comments?post=12111"}],"wp:featuredmedia":[{"embeddable":true,"href":"https:\/\/seyart.com\/ca\/wp-json\/wp\/v2\/media\/12685"}],"wp:attachment":[{"href":"https:\/\/seyart.com\/ca\/wp-json\/wp\/v2\/media?parent=12111"}],"wp:term":[{"taxonomy":"product_brand","embeddable":true,"href":"https:\/\/seyart.com\/ca\/wp-json\/wp\/v2\/product_brand?post=12111"},{"taxonomy":"product_cat","embeddable":true,"href":"https:\/\/seyart.com\/ca\/wp-json\/wp\/v2\/product_cat?post=12111"},{"taxonomy":"product_tag","embeddable":true,"href":"https:\/\/seyart.com\/ca\/wp-json\/wp\/v2\/product_tag?post=12111"}],"curies":[{"name":"wp","href":"https:\/\/api.w.org\/{rel}","templated":true}]}}