{"id":12108,"date":"2020-09-04T14:09:12","date_gmt":"2020-09-04T12:09:12","guid":{"rendered":"https:\/\/deivid.vservers.es\/seyart\/nova\/tienda\/sin%20categor\u00eda\/rosa-blanca\/"},"modified":"2021-04-21T11:22:17","modified_gmt":"2021-04-21T09:22:17","slug":"rosa-blanca","status":"publish","type":"product","link":"https:\/\/seyart.com\/ca\/tienda\/crystal-laser\/tots-els-tipus-de-vidre\/rosa-blanca\/","title":{"rendered":"ROSA BLANCA"},"content":{"rendered":"","protected":false},"excerpt":{"rendered":"<p>La fragilitat dels p\u00e8tals i la intensitat del seu color: en la vulnerabilitat tamb\u00e9 hi rau la for\u00e7a.<br \/>\nEscultura de vidre \u00f2ptic mass\u00eds amb rosa 3D gravada amb l\u00e0ser a l&#8217;interior. Pe\u00e7a arenada i pintada a m\u00e0. Presentat en estoig decoratiu i protector i certificat de qualitat.<\/p>\n","protected":false},"featured_media":12670,"comment_status":"closed","ping_status":"closed","template":"","meta":{"_acf_changed":false,"_et_pb_use_builder":"","_et_pb_old_content":"","_et_gb_content_width":""},"product_brand":[],"product_cat":[223,356,188,35],"product_tag":[],"class_list":{"0":"post-12108","1":"product","2":"type-product","3":"status-publish","4":"has-post-thumbnail","6":"product_cat-escultures-de-vidre","7":"product_cat-tots-els-productes","8":"product_cat-tots-els-tipus-de-vidre","9":"product_cat-crystal-laser","10":"pa_mida-60x60x110","11":"pa_mida-70x70x130","13":"first","14":"instock","15":"purchasable","16":"product-type-variable"},"acf":[],"_links":{"self":[{"href":"https:\/\/seyart.com\/ca\/wp-json\/wp\/v2\/product\/12108","targetHints":{"allow":["GET"]}}],"collection":[{"href":"https:\/\/seyart.com\/ca\/wp-json\/wp\/v2\/product"}],"about":[{"href":"https:\/\/seyart.com\/ca\/wp-json\/wp\/v2\/types\/product"}],"replies":[{"embeddable":true,"href":"https:\/\/seyart.com\/ca\/wp-json\/wp\/v2\/comments?post=12108"}],"wp:featuredmedia":[{"embeddable":true,"href":"https:\/\/seyart.com\/ca\/wp-json\/wp\/v2\/media\/12670"}],"wp:attachment":[{"href":"https:\/\/seyart.com\/ca\/wp-json\/wp\/v2\/media?parent=12108"}],"wp:term":[{"taxonomy":"product_brand","embeddable":true,"href":"https:\/\/seyart.com\/ca\/wp-json\/wp\/v2\/product_brand?post=12108"},{"taxonomy":"product_cat","embeddable":true,"href":"https:\/\/seyart.com\/ca\/wp-json\/wp\/v2\/product_cat?post=12108"},{"taxonomy":"product_tag","embeddable":true,"href":"https:\/\/seyart.com\/ca\/wp-json\/wp\/v2\/product_tag?post=12108"}],"curies":[{"name":"wp","href":"https:\/\/api.w.org\/{rel}","templated":true}]}}