{"id":12060,"date":"2020-09-04T14:08:47","date_gmt":"2020-09-04T12:08:47","guid":{"rendered":"https:\/\/deivid.vservers.es\/seyart\/nova\/tienda\/sin%20categor\u00eda\/trofeu-de-vidre-rectangular-amb-base-de-granit\/"},"modified":"2024-06-20T19:22:16","modified_gmt":"2024-06-20T17:22:16","slug":"trofeu-de-vidre-rectangular-amb-base-de-granit","status":"publish","type":"product","link":"https:\/\/seyart.com\/ca\/tienda\/crystal-laser\/trofeus-en-vidre-premium\/trofeu-de-vidre-rectangular-amb-base-de-granit\/","title":{"rendered":"TROFEU DE VIDRE RECTANGULAR AMB BASE DE GRANIT"},"content":{"rendered":"","protected":false},"excerpt":{"rendered":"<p>STONE COLLECTION. Bloc de vidre \u00f2ptic mass\u00eds tallat en forma de prisma rectangular i personalitzat amb fotos gravades 2D (planes) i fotos 3D. Tamb\u00e9 permet afegir un text. Base de granit integrada que aporta pres\u00e8ncia al trofeu.<\/p>\n<p>Trofeu de vidre personalitzat gravat amb l\u00e0ser: una tecnologia que mitjan\u00e7ant la realitzaci\u00f3 de microesquerdes a l&#8217;interior del vidre de manera controlada, permet crear la imatge o foto amb total nitidesa i detall.<\/p>\n<p>Presentat en estoig decoratiu i protector i certificat de qualitat. Un trofeu elegant i distintiu.<\/p>\n","protected":false},"featured_media":19153,"comment_status":"closed","ping_status":"closed","template":"","meta":{"_acf_changed":false,"_et_pb_use_builder":"","_et_pb_old_content":"","_et_gb_content_width":""},"product_brand":[],"product_cat":[356,206,35],"product_tag":[],"class_list":{"0":"post-12060","1":"product","2":"type-product","3":"status-publish","4":"has-post-thumbnail","6":"product_cat-tots-els-productes","7":"product_cat-trofeus-en-vidre-premium","8":"product_cat-crystal-laser","9":"pa_mida-40x100x120-horitzontal-40mm-base","10":"pa_mida-40x100x120-vertical-40mm-base","11":"pa_mida-50x100x150-horitzontal-50mm-base","12":"pa_mida-50x100x150-vertical-50mm-base","14":"first","15":"instock","16":"purchasable","17":"product-type-variable"},"acf":[],"_links":{"self":[{"href":"https:\/\/seyart.com\/ca\/wp-json\/wp\/v2\/product\/12060","targetHints":{"allow":["GET"]}}],"collection":[{"href":"https:\/\/seyart.com\/ca\/wp-json\/wp\/v2\/product"}],"about":[{"href":"https:\/\/seyart.com\/ca\/wp-json\/wp\/v2\/types\/product"}],"replies":[{"embeddable":true,"href":"https:\/\/seyart.com\/ca\/wp-json\/wp\/v2\/comments?post=12060"}],"wp:featuredmedia":[{"embeddable":true,"href":"https:\/\/seyart.com\/ca\/wp-json\/wp\/v2\/media\/19153"}],"wp:attachment":[{"href":"https:\/\/seyart.com\/ca\/wp-json\/wp\/v2\/media?parent=12060"}],"wp:term":[{"taxonomy":"product_brand","embeddable":true,"href":"https:\/\/seyart.com\/ca\/wp-json\/wp\/v2\/product_brand?post=12060"},{"taxonomy":"product_cat","embeddable":true,"href":"https:\/\/seyart.com\/ca\/wp-json\/wp\/v2\/product_cat?post=12060"},{"taxonomy":"product_tag","embeddable":true,"href":"https:\/\/seyart.com\/ca\/wp-json\/wp\/v2\/product_tag?post=12060"}],"curies":[{"name":"wp","href":"https:\/\/api.w.org\/{rel}","templated":true}]}}