{"id":12037,"date":"2020-09-04T14:09:01","date_gmt":"2020-09-04T12:09:01","guid":{"rendered":"https:\/\/deivid.vservers.es\/seyart\/nova\/tienda\/sin%20categor\u00eda\/vidre-quadrat\/"},"modified":"2024-07-02T18:56:48","modified_gmt":"2024-07-02T16:56:48","slug":"vidre-quadrat","status":"publish","type":"product","link":"https:\/\/seyart.com\/ca\/tienda\/crystal-laser\/regals-dempresa-i-obsequis-institucionals\/vidre-quadrat\/","title":{"rendered":"VIDRE QUADRAT"},"content":{"rendered":"","protected":false},"excerpt":{"rendered":"<p>Bloc de vidre \u00f2ptic mass\u00eds tallat en forma de prisma quadrat i personalitzat amb fotos gravades 2D (planes) i fotos 3D. Tamb\u00e9 permet afegir un text.<\/p>\n<p>Regal d&#8217;empresa personalitzat gravat amb l\u00e0ser: una tecnologia que mitjan\u00e7ant la realitzaci\u00f3 de microesquerdes a l&#8217;interior del vidre de manera controlada, permet crear la imatge o foto amb total nitidesa i detall.<\/p>\n<p>Presentat en estoig decoratiu i protector i certificat de qualitat. Un obsequi elegant i distintiu.<\/p>\n","protected":false},"featured_media":19078,"comment_status":"closed","ping_status":"closed","template":"","meta":{"_acf_changed":false,"_et_pb_use_builder":"","_et_pb_old_content":"","_et_gb_content_width":""},"product_brand":[],"product_cat":[218,356,35],"product_tag":[],"class_list":{"0":"post-12037","1":"product","2":"type-product","3":"status-publish","4":"has-post-thumbnail","6":"product_cat-regals-dempresa-i-obsequis-institucionals","7":"product_cat-tots-els-productes","8":"product_cat-crystal-laser","9":"pa_mida-50x50x80","10":"pa_mida-60x60x100","11":"pa_mida-70x70x130","12":"pa_mida-80x80x160","14":"first","15":"instock","16":"purchasable","17":"product-type-variable"},"acf":[],"_links":{"self":[{"href":"https:\/\/seyart.com\/ca\/wp-json\/wp\/v2\/product\/12037","targetHints":{"allow":["GET"]}}],"collection":[{"href":"https:\/\/seyart.com\/ca\/wp-json\/wp\/v2\/product"}],"about":[{"href":"https:\/\/seyart.com\/ca\/wp-json\/wp\/v2\/types\/product"}],"replies":[{"embeddable":true,"href":"https:\/\/seyart.com\/ca\/wp-json\/wp\/v2\/comments?post=12037"}],"wp:featuredmedia":[{"embeddable":true,"href":"https:\/\/seyart.com\/ca\/wp-json\/wp\/v2\/media\/19078"}],"wp:attachment":[{"href":"https:\/\/seyart.com\/ca\/wp-json\/wp\/v2\/media?parent=12037"}],"wp:term":[{"taxonomy":"product_brand","embeddable":true,"href":"https:\/\/seyart.com\/ca\/wp-json\/wp\/v2\/product_brand?post=12037"},{"taxonomy":"product_cat","embeddable":true,"href":"https:\/\/seyart.com\/ca\/wp-json\/wp\/v2\/product_cat?post=12037"},{"taxonomy":"product_tag","embeddable":true,"href":"https:\/\/seyart.com\/ca\/wp-json\/wp\/v2\/product_tag?post=12037"}],"curies":[{"name":"wp","href":"https:\/\/api.w.org\/{rel}","templated":true}]}}