{"id":11994,"date":"2020-09-02T14:23:55","date_gmt":"2020-09-02T12:23:55","guid":{"rendered":"https:\/\/deivid.vservers.es\/seyart\/nova\/tienda\/sin%20categor\u00eda\/ethnos-ii\/"},"modified":"2020-10-07T09:52:46","modified_gmt":"2020-10-07T07:52:46","slug":"ethnos-ii","status":"publish","type":"product","link":"https:\/\/seyart.com\/ca\/tienda\/tots-els-productes\/ethnos-ii\/","title":{"rendered":"Gerro decoratiu de cer\u00e0mica ETHNOS II"},"content":{"rendered":"","protected":false},"excerpt":{"rendered":"<p>ARRELAMENT. Reivindica el llegat de les diferents cultures i \u00e8tnies que han existit i les que perduren.<\/p>\n<p>La mescla dels tons torrats, les textures i el penjoll de fusta fan que sigui una pe\u00e7a molt especial. Reserva-la per al teu rac\u00f3 m\u00e9s m\u00edstic i combina-la amb el gerro ETHNOS I per completar la col\u00b7lecci\u00f3 i junts tinguin encara m\u00e9s pres\u00e8ncia.<\/p>\n<p>Gerro decoratiu de resina de 24,5cm d&#8217;al\u00e7ada x 16,5cm d&#8217;amplada. Tapa de resina extra\u00efble per utilitzar-lo com a gerro o com un pur element decoratiu. Pintura i acabats a m\u00e0.<\/p>\n","protected":false},"featured_media":11841,"comment_status":"closed","ping_status":"closed","template":"","meta":{"_acf_changed":false,"_et_pb_use_builder":"","_et_pb_old_content":"","_et_gb_content_width":""},"product_brand":[],"product_cat":[356],"product_tag":[],"class_list":{"0":"post-11994","1":"product","2":"type-product","3":"status-publish","4":"has-post-thumbnail","6":"product_cat-tots-els-productes","8":"first","9":"instock","10":"featured","11":"purchasable","12":"product-type-simple"},"acf":[],"_links":{"self":[{"href":"https:\/\/seyart.com\/ca\/wp-json\/wp\/v2\/product\/11994","targetHints":{"allow":["GET"]}}],"collection":[{"href":"https:\/\/seyart.com\/ca\/wp-json\/wp\/v2\/product"}],"about":[{"href":"https:\/\/seyart.com\/ca\/wp-json\/wp\/v2\/types\/product"}],"replies":[{"embeddable":true,"href":"https:\/\/seyart.com\/ca\/wp-json\/wp\/v2\/comments?post=11994"}],"wp:featuredmedia":[{"embeddable":true,"href":"https:\/\/seyart.com\/ca\/wp-json\/wp\/v2\/media\/11841"}],"wp:attachment":[{"href":"https:\/\/seyart.com\/ca\/wp-json\/wp\/v2\/media?parent=11994"}],"wp:term":[{"taxonomy":"product_brand","embeddable":true,"href":"https:\/\/seyart.com\/ca\/wp-json\/wp\/v2\/product_brand?post=11994"},{"taxonomy":"product_cat","embeddable":true,"href":"https:\/\/seyart.com\/ca\/wp-json\/wp\/v2\/product_cat?post=11994"},{"taxonomy":"product_tag","embeddable":true,"href":"https:\/\/seyart.com\/ca\/wp-json\/wp\/v2\/product_tag?post=11994"}],"curies":[{"name":"wp","href":"https:\/\/api.w.org\/{rel}","templated":true}]}}