{"id":11991,"date":"2020-09-02T14:23:55","date_gmt":"2020-09-02T12:23:55","guid":{"rendered":"https:\/\/deivid.vservers.es\/seyart\/nova\/tienda\/sin%20categor\u00eda\/nix\/"},"modified":"2021-02-12T17:05:28","modified_gmt":"2021-02-12T16:05:28","slug":"nix","status":"publish","type":"product","link":"https:\/\/seyart.com\/ca\/tienda\/tots-els-productes\/nix\/","title":{"rendered":"Gerro decoratiu de cer\u00e0mica NIX"},"content":{"rendered":"","protected":false},"excerpt":{"rendered":"<p>PAU. El blanc: calma i confian\u00e7a.<\/p>\n<p>Posa un punt de llum als racons m\u00e9s singulars de la llar. La seva grand\u00e0ria i forma desigual el fan imponent tant al damunt d&#8217;una taula com al terra. Dona-li l&#8217;espai que necessita per llu\u00efr la seva figura.<\/p>\n<p>Gerro decoratiu gran de resina de 35cm d&#8217;al\u00e7ada x 14cm d&#8217;amplada. Tapa de resina extra\u00efble per utilitzar-lo com a gerro o com un pur element decoratiu. Pintura i acabats a m\u00e0.<\/p>\n","protected":false},"featured_media":11793,"comment_status":"closed","ping_status":"closed","template":"","meta":{"_acf_changed":false,"_et_pb_use_builder":"","_et_pb_old_content":"","_et_gb_content_width":""},"product_brand":[],"product_cat":[356],"product_tag":[],"class_list":{"0":"post-11991","1":"product","2":"type-product","3":"status-publish","4":"has-post-thumbnail","6":"product_cat-tots-els-productes","8":"first","9":"instock","10":"featured","11":"purchasable","12":"product-type-simple"},"acf":[],"_links":{"self":[{"href":"https:\/\/seyart.com\/ca\/wp-json\/wp\/v2\/product\/11991","targetHints":{"allow":["GET"]}}],"collection":[{"href":"https:\/\/seyart.com\/ca\/wp-json\/wp\/v2\/product"}],"about":[{"href":"https:\/\/seyart.com\/ca\/wp-json\/wp\/v2\/types\/product"}],"replies":[{"embeddable":true,"href":"https:\/\/seyart.com\/ca\/wp-json\/wp\/v2\/comments?post=11991"}],"wp:featuredmedia":[{"embeddable":true,"href":"https:\/\/seyart.com\/ca\/wp-json\/wp\/v2\/media\/11793"}],"wp:attachment":[{"href":"https:\/\/seyart.com\/ca\/wp-json\/wp\/v2\/media?parent=11991"}],"wp:term":[{"taxonomy":"product_brand","embeddable":true,"href":"https:\/\/seyart.com\/ca\/wp-json\/wp\/v2\/product_brand?post=11991"},{"taxonomy":"product_cat","embeddable":true,"href":"https:\/\/seyart.com\/ca\/wp-json\/wp\/v2\/product_cat?post=11991"},{"taxonomy":"product_tag","embeddable":true,"href":"https:\/\/seyart.com\/ca\/wp-json\/wp\/v2\/product_tag?post=11991"}],"curies":[{"name":"wp","href":"https:\/\/api.w.org\/{rel}","templated":true}]}}