{"id":11984,"date":"2020-09-02T14:23:55","date_gmt":"2020-09-02T12:23:55","guid":{"rendered":"https:\/\/deivid.vservers.es\/seyart\/nova\/tienda\/sin%20categor\u00eda\/aether\/"},"modified":"2020-10-07T09:44:01","modified_gmt":"2020-10-07T07:44:01","slug":"aether","status":"publish","type":"product","link":"https:\/\/seyart.com\/ca\/tienda\/tots-els-productes\/aether\/","title":{"rendered":"Gerro decoratiu d&#8217;alumini AETHER"},"content":{"rendered":"","protected":false},"excerpt":{"rendered":"<p>MISTICISME. Cromatisme i textura que evoquen l&#8217;\u00e9ter, un espai natural i m\u00edstic considerat antigament el cinqu\u00e8 element que inundava l&#8217;univers.<\/p>\n<p>Un element per a un espai pur i auster. Combina&#8217;l amb unes flors o branques blanques per potenciar la seva ess\u00e8ncia.<\/p>\n<p>Gerro decoratiu petit d&#8217;alumini de 30cm d&#8217;al\u00e7ada x 19cm d&#8217;amplada. Tapa d&#8217;alumini extra\u00efble per utilitzar-lo com a gerro o com un pur element decoratiu. Pintura i acabats a m\u00e0.<\/p>\n","protected":false},"featured_media":11691,"comment_status":"closed","ping_status":"closed","template":"","meta":{"_acf_changed":false,"_et_pb_use_builder":"","_et_pb_old_content":"","_et_gb_content_width":""},"product_brand":[],"product_cat":[356],"product_tag":[],"class_list":{"0":"post-11984","1":"product","2":"type-product","3":"status-publish","4":"has-post-thumbnail","6":"product_cat-tots-els-productes","8":"first","9":"instock","10":"purchasable","11":"product-type-simple"},"acf":[],"_links":{"self":[{"href":"https:\/\/seyart.com\/ca\/wp-json\/wp\/v2\/product\/11984","targetHints":{"allow":["GET"]}}],"collection":[{"href":"https:\/\/seyart.com\/ca\/wp-json\/wp\/v2\/product"}],"about":[{"href":"https:\/\/seyart.com\/ca\/wp-json\/wp\/v2\/types\/product"}],"replies":[{"embeddable":true,"href":"https:\/\/seyart.com\/ca\/wp-json\/wp\/v2\/comments?post=11984"}],"wp:featuredmedia":[{"embeddable":true,"href":"https:\/\/seyart.com\/ca\/wp-json\/wp\/v2\/media\/11691"}],"wp:attachment":[{"href":"https:\/\/seyart.com\/ca\/wp-json\/wp\/v2\/media?parent=11984"}],"wp:term":[{"taxonomy":"product_brand","embeddable":true,"href":"https:\/\/seyart.com\/ca\/wp-json\/wp\/v2\/product_brand?post=11984"},{"taxonomy":"product_cat","embeddable":true,"href":"https:\/\/seyart.com\/ca\/wp-json\/wp\/v2\/product_cat?post=11984"},{"taxonomy":"product_tag","embeddable":true,"href":"https:\/\/seyart.com\/ca\/wp-json\/wp\/v2\/product_tag?post=11984"}],"curies":[{"name":"wp","href":"https:\/\/api.w.org\/{rel}","templated":true}]}}