{"id":11983,"date":"2020-09-02T14:23:55","date_gmt":"2020-09-02T12:23:55","guid":{"rendered":"https:\/\/deivid.vservers.es\/seyart\/nova\/tienda\/sin%20categor\u00eda\/terra-ii\/"},"modified":"2020-10-07T09:52:26","modified_gmt":"2020-10-07T07:52:26","slug":"terra-ii","status":"publish","type":"product","link":"https:\/\/seyart.com\/ca\/tienda\/tots-els-productes\/terra-ii\/","title":{"rendered":"Gerro decoratiu d&#8217;alumini TERRA II"},"content":{"rendered":"","protected":false},"excerpt":{"rendered":"<p>PURESA. Simbolitza el c\u00e0ntir que cont\u00e9 el b\u00e9 m\u00e9s preuat de la Terra: l&#8217;aigua.<\/p>\n<p>Dona un toc r\u00fastic a qualsevol rac\u00f3 de la casa amb unes flors seques. Combina&#8217;l amb el gerro TERRA I per completar la col\u00b7lecci\u00f3.<\/p>\n<p>Gerro decoratiu petit d&#8217;alumini de 30cm d&#8217;al\u00e7ada x 19cm d&#8217;amplada. Tapa d&#8217;alumini extra\u00efble per utilitzar-lo com a gerro o com un pur element decoratiu.<\/p>\n","protected":false},"featured_media":11709,"comment_status":"closed","ping_status":"closed","template":"","meta":{"_acf_changed":false,"_et_pb_use_builder":"","_et_pb_old_content":"","_et_gb_content_width":""},"product_brand":[],"product_cat":[356],"product_tag":[],"class_list":{"0":"post-11983","1":"product","2":"type-product","3":"status-publish","4":"has-post-thumbnail","6":"product_cat-tots-els-productes","8":"first","9":"instock","10":"purchasable","11":"product-type-simple"},"acf":[],"_links":{"self":[{"href":"https:\/\/seyart.com\/ca\/wp-json\/wp\/v2\/product\/11983","targetHints":{"allow":["GET"]}}],"collection":[{"href":"https:\/\/seyart.com\/ca\/wp-json\/wp\/v2\/product"}],"about":[{"href":"https:\/\/seyart.com\/ca\/wp-json\/wp\/v2\/types\/product"}],"replies":[{"embeddable":true,"href":"https:\/\/seyart.com\/ca\/wp-json\/wp\/v2\/comments?post=11983"}],"wp:featuredmedia":[{"embeddable":true,"href":"https:\/\/seyart.com\/ca\/wp-json\/wp\/v2\/media\/11709"}],"wp:attachment":[{"href":"https:\/\/seyart.com\/ca\/wp-json\/wp\/v2\/media?parent=11983"}],"wp:term":[{"taxonomy":"product_brand","embeddable":true,"href":"https:\/\/seyart.com\/ca\/wp-json\/wp\/v2\/product_brand?post=11983"},{"taxonomy":"product_cat","embeddable":true,"href":"https:\/\/seyart.com\/ca\/wp-json\/wp\/v2\/product_cat?post=11983"},{"taxonomy":"product_tag","embeddable":true,"href":"https:\/\/seyart.com\/ca\/wp-json\/wp\/v2\/product_tag?post=11983"}],"curies":[{"name":"wp","href":"https:\/\/api.w.org\/{rel}","templated":true}]}}