{"id":19456,"date":"2020-09-24T13:28:16","date_gmt":"2020-09-24T11:28:16","guid":{"rendered":"https:\/\/deivid.vservers.es\/seyart\/nova\/?page_id=19456"},"modified":"2020-10-02T13:57:53","modified_gmt":"2020-10-02T11:57:53","slug":"espanol","status":"publish","type":"page","link":"https:\/\/seyart.com\/ca\/espanol\/","title":{"rendered":"Espa\u00f1ol"},"content":{"rendered":"<p>[et_pb_section fb_built=&#8221;1&#8243; _builder_version=&#8221;4.4.8&#8243;][et_pb_row _builder_version=&#8221;4.4.8&#8243;][et_pb_column type=&#8221;4_4&#8243; _builder_version=&#8221;4.4.8&#8243;][et_pb_text _builder_version=&#8221;4.6.3&#8243; hover_enabled=&#8221;0&#8243; sticky_enabled=&#8221;0&#8243;]<\/p>\n<p style=\"text-align: center;\"><strong>Estamos trabajando en la versi\u00f3n en espa\u00f1ol! Disponible en los pr\u00f3ximos d\u00edas<\/strong><strong>.<\/strong><\/p>\n<p style=\"text-align: center;\"><strong>Para m\u00e1s informaci\u00f3n o pedidos contacta con nosotros.<\/strong><\/p>\n<p style=\"text-align: center;\"><strong>973 533 290 \/ 618 918 637<\/strong><\/p>\n<p style=\"text-align: center;\"><strong><a href=\"mailto:comercial@seyart.com\">comercial@seyart.com<\/a><\/strong><\/p>\n<p>[\/et_pb_text][\/et_pb_column][\/et_pb_row][\/et_pb_section]<\/p>\n","protected":false},"excerpt":{"rendered":"<p>Estamos trabajando en la versi\u00f3n en espa\u00f1ol! Disponible en los pr\u00f3ximos d\u00edas. Para m\u00e1s informaci\u00f3n o pedidos contacta con nosotros. 973 533 290 \/ 618 918 637 comercial@seyart.com<\/p>\n","protected":false},"author":1,"featured_media":0,"parent":0,"menu_order":0,"comment_status":"closed","ping_status":"closed","template":"","meta":{"_acf_changed":false,"_et_pb_use_builder":"on","_et_pb_old_content":"","_et_gb_content_width":"","footnotes":""},"class_list":["post-19456","page","type-page","status-publish","hentry"],"acf":[],"_links":{"self":[{"href":"https:\/\/seyart.com\/ca\/wp-json\/wp\/v2\/pages\/19456","targetHints":{"allow":["GET"]}}],"collection":[{"href":"https:\/\/seyart.com\/ca\/wp-json\/wp\/v2\/pages"}],"about":[{"href":"https:\/\/seyart.com\/ca\/wp-json\/wp\/v2\/types\/page"}],"author":[{"embeddable":true,"href":"https:\/\/seyart.com\/ca\/wp-json\/wp\/v2\/users\/1"}],"replies":[{"embeddable":true,"href":"https:\/\/seyart.com\/ca\/wp-json\/wp\/v2\/comments?post=19456"}],"version-history":[{"count":0,"href":"https:\/\/seyart.com\/ca\/wp-json\/wp\/v2\/pages\/19456\/revisions"}],"wp:attachment":[{"href":"https:\/\/seyart.com\/ca\/wp-json\/wp\/v2\/media?parent=19456"}],"curies":[{"name":"wp","href":"https:\/\/api.w.org\/{rel}","templated":true}]}}