{"id":18187,"date":"2020-09-20T08:26:55","date_gmt":"2020-09-20T06:26:55","guid":{"rendered":"https:\/\/deivid.vservers.es\/seyart\/nova\/?page_id=18187"},"modified":"2020-09-20T08:26:55","modified_gmt":"2020-09-20T06:26:55","slug":"avis-legal","status":"publish","type":"page","link":"https:\/\/seyart.com\/ca\/avis-legal\/","title":{"rendered":"Av\u00eds legal"},"content":{"rendered":"<p>1. DADES DE L\u2019EMPRESA<br \/>\nSEYART S.L., a partir d\u2019ara l\u2019empresa, amb NIF B-25.436.106, amb domicili social a la Carretera Nacional 2, sense n\u00famero, Km 518 de Cervera, prov\u00edncia de Lleida.<br \/>\nInscrita en el Registre Mercantil de Lleida amb data 13-07-99 en el Volum 593, secci\u00f3 general, Foli 189, Full n\u00famero L-11177, inscripci\u00f3 1\u00aa.<br \/>\nEl tel\u00e8fon de contacte \u00e9s el 973 533 290 i el correu electr\u00f2nic de contacte comercial@seyart.com .<br \/>\nLes dades identificatives de l\u2019empresa s\u2019exposen en compliment de l\u2019article 10 de la Llei 34\/2002, de 11 de juliol, de serveis de la societat de la informaci\u00f3 i de comer\u00e7 electr\u00f2nic (LSSICE).<\/p>\n<p>2. OBJECTE DE LA WEB<br \/>\nL\u2019empresa posa a disposici\u00f3 de l\u2019usuari que accedeix al domini www.seyart.com la informaci\u00f3 i dades de productes i serveis que ofereix a trav\u00e9s de la web.<br \/>\nEls continguts de la web tenen com a finalitat informar i donar a con\u00e8ixer les activitats, productes i serveis prestats per l\u2019empresa i tenen un car\u00e0cter general i orientatiu no sent vinculants per l\u2019empresa.<\/p>\n<p>3. IDIOMA DE LA WEB<br \/>\nL\u2019idioma utilitzat per l\u2019empresa ser\u00e0 el catal\u00e0, el castell\u00e0 i l\u2019angl\u00e8s.<\/p>\n<p>4. PRIVACITAT I PROTECCI\u00d3 DE DADES PERSONALS<br \/>\nL\u2019empresa informa que per mitj\u00e0 d\u2019aquest web es recullen dades de car\u00e0cter personal necess\u00e0ries per la gesti\u00f3 i manteniment dels nostres serveis. Aquestes dades s\u00f3n incloses en els nostres fitxers, que es troben degudament inscrits en el Registre de l\u2019Agencia Espa\u00f1ola de Protecci\u00f3n de Datos.<br \/>\nSens perjudici de les finalitats que en cada cas s\u2019indiquen, dita informaci\u00f3 ser\u00e0 guardada i gestionada amb la seva deguda confidencialitat, aplicant les mesures de seguretat del Real Decreto 1720\/2007, del 21 de desembre.<br \/>\nL\u2019empresa respecta la privacitat dels usuaris a internet i considera primordial la protecci\u00f3 de totes les activitats que es facin a internet. L\u2019empresa es compromet a tractar tota la informaci\u00f3 proporcionada per l\u2019usuari amb la major cura i de manera responsable en especial a col\u00b7laboradors i tercers.<br \/>\nL\u2019empresa no assumeix responsabilitat de tercers sempre que no s\u2019indiqui expressament.<br \/>\nRecopilaci\u00f3, tractament i utilitzaci\u00f3 de dades personals.<br \/>\nL\u2019empresa recopila, emmagatzema i processa dades personals d\u2019acord amb les disposicions legals vigents. La finalitat de la recollida de dades ser\u00e0 sol\u00b7licitada en cada cas. L\u2019usuari autoritza de manera expressa l\u2019enviament d\u2019informaci\u00f3 dels nostres productes i serveis.<br \/>\nL\u2019usuari podr\u00e0 exercir els seus drets d\u2019acc\u00e9s, rectificaci\u00f3, cancel\u00b7laci\u00f3 i oposici\u00f3 enviant un correu electr\u00f2nic a comercial@seyart.com indicant el dret que vol exercir.<\/p>\n<p>&nbsp;<\/p>\n","protected":false},"excerpt":{"rendered":"<p>1. DADES DE L\u2019EMPRESA SEYART S.L., a partir d\u2019ara l\u2019empresa, amb NIF B-25.436.106, amb domicili social a la Carretera Nacional 2, sense n\u00famero, Km 518 de Cervera, prov\u00edncia de Lleida. Inscrita en el Registre Mercantil de Lleida amb data 13-07-99 en el Volum 593, secci\u00f3 general, Foli 189, Full n\u00famero L-11177, inscripci\u00f3 1\u00aa. El tel\u00e8fon [&hellip;]<\/p>\n","protected":false},"author":1,"featured_media":0,"parent":0,"menu_order":0,"comment_status":"closed","ping_status":"closed","template":"","meta":{"_acf_changed":false,"_et_pb_use_builder":"","_et_pb_old_content":"","_et_gb_content_width":"","footnotes":""},"class_list":["post-18187","page","type-page","status-publish","hentry"],"acf":[],"_links":{"self":[{"href":"https:\/\/seyart.com\/ca\/wp-json\/wp\/v2\/pages\/18187","targetHints":{"allow":["GET"]}}],"collection":[{"href":"https:\/\/seyart.com\/ca\/wp-json\/wp\/v2\/pages"}],"about":[{"href":"https:\/\/seyart.com\/ca\/wp-json\/wp\/v2\/types\/page"}],"author":[{"embeddable":true,"href":"https:\/\/seyart.com\/ca\/wp-json\/wp\/v2\/users\/1"}],"replies":[{"embeddable":true,"href":"https:\/\/seyart.com\/ca\/wp-json\/wp\/v2\/comments?post=18187"}],"version-history":[{"count":0,"href":"https:\/\/seyart.com\/ca\/wp-json\/wp\/v2\/pages\/18187\/revisions"}],"wp:attachment":[{"href":"https:\/\/seyart.com\/ca\/wp-json\/wp\/v2\/media?parent=18187"}],"curies":[{"name":"wp","href":"https:\/\/api.w.org\/{rel}","templated":true}]}}