{"id":17953,"date":"2020-09-19T09:20:26","date_gmt":"2020-09-19T07:20:26","guid":{"rendered":"https:\/\/deivid.vservers.es\/seyart\/nova\/?page_id=17953"},"modified":"2020-11-05T10:07:27","modified_gmt":"2020-11-05T09:07:27","slug":"jewels","status":"publish","type":"page","link":"https:\/\/seyart.com\/ca\/jewels\/","title":{"rendered":"Jewels"},"content":{"rendered":"<p>[et_pb_section fb_built=&#8221;1&#8243; _builder_version=&#8221;4.4.8&#8243;][et_pb_row _builder_version=&#8221;4.4.8&#8243;][et_pb_column type=&#8221;4_4&#8243; _builder_version=&#8221;4.4.8&#8243;][et_pb_text _builder_version=&#8221;4.4.8&#8243; text_orientation=&#8221;center&#8221;]<\/p>\n<h1>Jewels<\/h1>\n<p>[\/et_pb_text][et_pb_divider color=&#8221;#272726&#8243; _builder_version=&#8221;4.4.8&#8243; width=&#8221;25%&#8221; module_alignment=&#8221;center&#8221; custom_margin=&#8221;-20px||||false|false&#8221;][\/et_pb_divider][et_pb_text _builder_version=&#8221;4.4.8&#8243;]<\/p>\n<p class=\"p1\" style=\"text-align: center;\">L&#8217;ess\u00e8ncia del regal es basa en el que vols transmetre. Hem treballat amb cura perqu\u00e8 tots els nostres dissenys impregnin amb valors i missatges positius les escenes quotidianes i les ocasions m\u00e9s especials.<\/p>\n<p>[\/et_pb_text][\/et_pb_column][\/et_pb_row][et_pb_row column_structure=&#8221;1_3,1_3,1_3&#8243; use_custom_gutter=&#8221;on&#8221; gutter_width=&#8221;2&#8243; _builder_version=&#8221;4.6.3&#8243; hover_enabled=&#8221;0&#8243; sticky_enabled=&#8221;0&#8243;][et_pb_column type=&#8221;1_3&#8243; _builder_version=&#8221;4.6.3&#8243; link_option_url=&#8221;https:\/\/seyart.com\/ca\/categoria-producto\/jewels\/anells\/&#8221; hover_enabled=&#8221;0&#8243; sticky_enabled=&#8221;0&#8243;][et_pb_text _builder_version=&#8221;4.4.8&#8243; header_2_font=&#8221;Montserrat|||on|||||&#8221; header_2_text_align=&#8221;center&#8221; header_2_font_size=&#8221;1.1em&#8221; background_color=&#8221;#d1c7a2&#8243; background_layout=&#8221;dark&#8221; custom_margin=&#8221;||0px||false|false&#8221; custom_padding=&#8221;10%||6%||false|false&#8221; custom_padding_tablet=&#8221;6%||4%||false|false&#8221; custom_padding_phone=&#8221;||3%||false|false&#8221; custom_padding_last_edited=&#8221;on|phone&#8221; animation_style=&#8221;slide&#8221; animation_direction=&#8221;bottom&#8221; background__hover_enabled=&#8221;on|hover&#8221; background_color__hover=&#8221;#272726&#8243; background_enable_color__hover=&#8221;on&#8221;]<\/p>\n<h2>ANELLs<\/h2>\n<p>[\/et_pb_text][et_pb_image src=&#8221;https:\/\/seyart.com\/wp-content\/uploads\/2020\/08\/Anells.jpg&#8221; title_text=&#8221;Anells&#8221; force_fullwidth=&#8221;on&#8221; _builder_version=&#8221;4.4.8&#8243;][\/et_pb_image][\/et_pb_column][et_pb_column type=&#8221;1_3&#8243; _builder_version=&#8221;4.6.3&#8243; link_option_url=&#8221;https:\/\/seyart.com\/ca\/categoria-producto\/jewels\/arracades\/&#8221; hover_enabled=&#8221;0&#8243; sticky_enabled=&#8221;0&#8243;][et_pb_text _builder_version=&#8221;4.4.8&#8243; header_2_font=&#8221;Montserrat|||on|||||&#8221; header_2_text_align=&#8221;center&#8221; header_2_font_size=&#8221;1.1em&#8221; background_color=&#8221;#d1c7a2&#8243; background_layout=&#8221;dark&#8221; custom_margin=&#8221;||0px||false|false&#8221; custom_padding=&#8221;10%||6%||false|false&#8221; custom_padding_tablet=&#8221;6%||4%||false|false&#8221; custom_padding_phone=&#8221;||3%||false|false&#8221; custom_padding_last_edited=&#8221;on|phone&#8221; animation_style=&#8221;slide&#8221; animation_direction=&#8221;bottom&#8221; background__hover_enabled=&#8221;on|hover&#8221; background_color__hover=&#8221;#272726&#8243; background_enable_color__hover=&#8221;on&#8221;]<\/p>\n<h2>ARRACADES<\/h2>\n<p>[\/et_pb_text][et_pb_image src=&#8221;https:\/\/seyart.com\/wp-content\/uploads\/2020\/08\/Arracades.jpg&#8221; title_text=&#8221;Arracades&#8221; force_fullwidth=&#8221;on&#8221; _builder_version=&#8221;4.4.8&#8243;][\/et_pb_image][\/et_pb_column][et_pb_column type=&#8221;1_3&#8243; _builder_version=&#8221;4.6.3&#8243; link_option_url=&#8221;https:\/\/seyart.com\/ca\/categoria-producto\/jewels\/collarets\/&#8221; hover_enabled=&#8221;0&#8243; sticky_enabled=&#8221;0&#8243;][et_pb_text _builder_version=&#8221;4.4.8&#8243; header_2_font=&#8221;Montserrat|||on|||||&#8221; header_2_text_align=&#8221;center&#8221; header_2_font_size=&#8221;1.1em&#8221; background_color=&#8221;#d1c7a2&#8243; background_layout=&#8221;dark&#8221; custom_margin=&#8221;||0px||false|false&#8221; custom_padding=&#8221;10%||6%||false|false&#8221; custom_padding_tablet=&#8221;6%||4%||false|false&#8221; custom_padding_phone=&#8221;||3%||false|false&#8221; custom_padding_last_edited=&#8221;on|phone&#8221; animation_style=&#8221;slide&#8221; animation_direction=&#8221;bottom&#8221; background__hover_enabled=&#8221;on|hover&#8221; background_color__hover=&#8221;#272726&#8243; background_enable_color__hover=&#8221;on&#8221;]<\/p>\n<h2>COLLARETS<\/h2>\n<p>[\/et_pb_text][et_pb_image src=&#8221;https:\/\/seyart.com\/wp-content\/uploads\/2020\/08\/Collarets.jpg&#8221; title_text=&#8221;Collarets&#8221; force_fullwidth=&#8221;on&#8221; _builder_version=&#8221;4.4.8&#8243;][\/et_pb_image][\/et_pb_column][\/et_pb_row][et_pb_row column_structure=&#8221;3_5,2_5&#8243; use_custom_gutter=&#8221;on&#8221; gutter_width=&#8221;2&#8243; _builder_version=&#8221;4.6.3&#8243; custom_padding=&#8221;0px||||false|false&#8221; hover_enabled=&#8221;0&#8243; sticky_enabled=&#8221;0&#8243;][et_pb_column type=&#8221;3_5&#8243; _builder_version=&#8221;4.6.3&#8243; link_option_url=&#8221;https:\/\/seyart.com\/ca\/categoria-producto\/jewels\/collarets\/&#8221; hover_enabled=&#8221;0&#8243; sticky_enabled=&#8221;0&#8243;][et_pb_text _builder_version=&#8221;4.4.8&#8243; header_2_font=&#8221;Montserrat|||on|||||&#8221; header_2_text_align=&#8221;center&#8221; header_2_font_size=&#8221;1.1em&#8221; background_color=&#8221;#d1c7a2&#8243; background_layout=&#8221;dark&#8221; custom_margin=&#8221;||0px||false|false&#8221; custom_padding=&#8221;6%||4%||false|false&#8221; custom_padding_tablet=&#8221;6%||4%||false|false&#8221; custom_padding_phone=&#8221;||3%||false|false&#8221; custom_padding_last_edited=&#8221;on|phone&#8221; animation_style=&#8221;slide&#8221; animation_direction=&#8221;bottom&#8221; hover_enabled=&#8221;0&#8243; background__hover_enabled=&#8221;on|hover&#8221; background_color__hover=&#8221;#272726&#8243; background_enable_color__hover=&#8221;on&#8221; sticky_enabled=&#8221;0&#8243;]<\/p>\n<h2>CONJUNTS<\/h2>\n<p>[\/et_pb_text][et_pb_image src=&#8221;https:\/\/seyart.com\/wp-content\/uploads\/2020\/09\/Conjunts.jpg&#8221; title_text=&#8221;Conjunts&#8221; _builder_version=&#8221;4.4.8&#8243;][\/et_pb_image][\/et_pb_column][et_pb_column type=&#8221;2_5&#8243; _builder_version=&#8221;4.6.3&#8243; link_option_url=&#8221;https:\/\/seyart.com\/ca\/categoria-producto\/jewels\/polseres\/&#8221; hover_enabled=&#8221;0&#8243; sticky_enabled=&#8221;0&#8243;][et_pb_text _builder_version=&#8221;4.4.8&#8243; header_2_font=&#8221;Montserrat|||on|||||&#8221; header_2_text_align=&#8221;center&#8221; header_2_font_size=&#8221;1.1em&#8221; background_color=&#8221;#d1c7a2&#8243; background_layout=&#8221;dark&#8221; custom_margin=&#8221;||0px||false|false&#8221; custom_padding=&#8221;10%||6%||false|false&#8221; custom_padding_tablet=&#8221;6%||4%||false|false&#8221; custom_padding_phone=&#8221;||3%||false|false&#8221; custom_padding_last_edited=&#8221;on|phone&#8221; animation_style=&#8221;slide&#8221; animation_direction=&#8221;bottom&#8221; background__hover_enabled=&#8221;on|hover&#8221; background_color__hover=&#8221;#272726&#8243; background_enable_color__hover=&#8221;on&#8221;]<\/p>\n<h2>POLSERES<\/h2>\n<p>[\/et_pb_text][et_pb_image src=&#8221;https:\/\/seyart.com\/wp-content\/uploads\/2020\/08\/Polseres.jpg&#8221; title_text=&#8221;Polseres&#8221; force_fullwidth=&#8221;on&#8221; _builder_version=&#8221;4.4.8&#8243;][\/et_pb_image][\/et_pb_column][\/et_pb_row][\/et_pb_section][et_pb_section fb_built=&#8221;1&#8243; _builder_version=&#8221;4.4.8&#8243; global_module=&#8221;12449&#8243; saved_tabs=&#8221;all&#8221;][et_pb_row column_structure=&#8221;1_4,1_4,1_4,1_4&#8243; _builder_version=&#8221;4.6.3&#8243;][et_pb_column type=&#8221;1_4&#8243; _builder_version=&#8221;4.6.3&#8243; link_option_url=&#8221;https:\/\/seyart.com\/condicions-generals-de-compra\/#pagament&#8221; link_option_url_new_window=&#8221;on&#8221;][et_pb_text _builder_version=&#8221;4.6.3&#8243; header_2_font_size=&#8221;3em&#8221; header_2_line_height=&#8221;1.4em&#8221; header_4_font=&#8221;Montserrat||||||||&#8221; text_orientation=&#8221;center&#8221; animation_style=&#8221;slide&#8221; animation_direction=&#8221;bottom&#8221; animation_intensity_slide=&#8221;20%&#8221; link_option_url=&#8221;https:\/\/seyart.com\/condicions-generals-de-compra\/#pagament&#8221; link_option_url_new_window=&#8221;on&#8221;]<\/p>\n<h2 class=\"far fa-credit-card\"><\/h2>\n<h4><\/h4>\n<h4><\/h4>\n<h4>Pago seguro<\/h4>\n<p>Las compras en nuestra web son 100% seguras. Tus datos quedan protegidos. Escoge tu m\u00e9todo de pago.[\/et_pb_text][\/et_pb_column][et_pb_column type=&#8221;1_4&#8243; _builder_version=&#8221;4.6.3&#8243; link_option_url=&#8221;https:\/\/seyart.com\/condicions-generals-de-compra\/#devolucions&#8221; link_option_url_new_window=&#8221;on&#8221;][et_pb_text _builder_version=&#8221;4.6.3&#8243; header_2_font_size=&#8221;3em&#8221; header_2_line_height=&#8221;1.4em&#8221; header_4_font=&#8221;Montserrat||||||||&#8221; text_orientation=&#8221;center&#8221; animation_style=&#8221;slide&#8221; animation_direction=&#8221;bottom&#8221; animation_delay=&#8221;100ms&#8221; animation_intensity_slide=&#8221;20%&#8221; link_option_url=&#8221;https:\/\/seyart.com\/condicions-generals-de-compra\/#devolucions&#8221; link_option_url_new_window=&#8221;on&#8221;]<\/p>\n<h2 class=\"fas fa-undo\"><\/h2>\n<h4><\/h4>\n<h4><\/h4>\n<h4>Devoluciones<\/h4>\n<p>Consulta las condiciones para hacer una devoluci\u00f3n f\u00e1cil y r\u00e1pida.<\/p>\n<p>[\/et_pb_text][\/et_pb_column][et_pb_column type=&#8221;1_4&#8243; _builder_version=&#8221;4.4.8&#8243;][et_pb_text _builder_version=&#8221;4.4.8&#8243; header_2_font_size=&#8221;3em&#8221; header_2_line_height=&#8221;1.4em&#8221; header_4_font=&#8221;Montserrat||||||||&#8221; text_orientation=&#8221;center&#8221; animation_style=&#8221;slide&#8221; animation_direction=&#8221;bottom&#8221; animation_delay=&#8221;200ms&#8221; animation_intensity_slide=&#8221;20%&#8221;]<\/p>\n<h2 class=\"fas fa-shipping-fast\"><\/h2>\n<h4><\/h4>\n<h4><\/h4>\n<h4>Env\u00edo express<\/h4>\n<p>Consulta nuestra opci\u00f3n de ENTREGA EN 24H si has de hacer un regalo u obsequio personalizado urgent.<\/p>\n<p>973 53 32 90 \/ 618 918 637<\/p>\n<p>[\/et_pb_text][\/et_pb_column][et_pb_column type=&#8221;1_4&#8243; _builder_version=&#8221;4.4.8&#8243;][et_pb_text _builder_version=&#8221;4.6.3&#8243; header_2_font_size=&#8221;3em&#8221; header_2_line_height=&#8221;1.4em&#8221; header_4_font=&#8221;Montserrat||||||||&#8221; text_orientation=&#8221;center&#8221; animation_style=&#8221;slide&#8221; animation_direction=&#8221;bottom&#8221; animation_delay=&#8221;300ms&#8221; animation_intensity_slide=&#8221;20%&#8221;]<\/p>\n<h2 class=\"fas fa-pencil-alt\"><\/h2>\n<h4><\/h4>\n<h4><\/h4>\n<h4>Personalizaci\u00f3n<\/h4>\n<p>\u00bfTienes dudas al dise\u00f1ar tu pieza? Aqu\u00ed tienes una <a href=\"https:\/\/seyart.com\/guia-per-a-la-personalitzacio-duna-peca-de-vidre\/\" target=\"_blank\" rel=\"noopener noreferrer\"><strong><u style=\"color: black;\">GU\u00cdA<\/u><\/strong><\/a> para hacerlo.<\/p>\n<p>[\/et_pb_text][\/et_pb_column][\/et_pb_row][\/et_pb_section]<\/p>\n","protected":false},"excerpt":{"rendered":"<p>JewelsL&#8217;ess\u00e8ncia del regal es basa en el que vols transmetre. Hem treballat amb cura perqu\u00e8 tots els nostres dissenys impregnin amb valors i missatges positius les escenes quotidianes i les ocasions m\u00e9s especials.ANELLsARRACADESCOLLARETSCONJUNTSPOLSERES Pago seguro Las compras en nuestra web son 100% seguras. Tus datos quedan protegidos. Escoge tu m\u00e9todo de pago. Devoluciones Consulta las [&hellip;]<\/p>\n","protected":false},"author":1,"featured_media":0,"parent":0,"menu_order":0,"comment_status":"closed","ping_status":"closed","template":"","meta":{"_acf_changed":false,"_et_pb_use_builder":"on","_et_pb_old_content":"","_et_gb_content_width":"","footnotes":""},"class_list":["post-17953","page","type-page","status-publish","hentry"],"acf":[],"_links":{"self":[{"href":"https:\/\/seyart.com\/ca\/wp-json\/wp\/v2\/pages\/17953","targetHints":{"allow":["GET"]}}],"collection":[{"href":"https:\/\/seyart.com\/ca\/wp-json\/wp\/v2\/pages"}],"about":[{"href":"https:\/\/seyart.com\/ca\/wp-json\/wp\/v2\/types\/page"}],"author":[{"embeddable":true,"href":"https:\/\/seyart.com\/ca\/wp-json\/wp\/v2\/users\/1"}],"replies":[{"embeddable":true,"href":"https:\/\/seyart.com\/ca\/wp-json\/wp\/v2\/comments?post=17953"}],"version-history":[{"count":0,"href":"https:\/\/seyart.com\/ca\/wp-json\/wp\/v2\/pages\/17953\/revisions"}],"wp:attachment":[{"href":"https:\/\/seyart.com\/ca\/wp-json\/wp\/v2\/media?parent=17953"}],"curies":[{"name":"wp","href":"https:\/\/api.w.org\/{rel}","templated":true}]}}