{"id":12561,"date":"2020-09-03T17:19:16","date_gmt":"2020-09-03T15:19:16","guid":{"rendered":"https:\/\/deivid.vservers.es\/seyart\/nova\/?page_id=12561"},"modified":"2020-09-29T18:36:44","modified_gmt":"2020-09-29T16:36:44","slug":"lighting","status":"publish","type":"page","link":"https:\/\/seyart.com\/ca\/lighting\/","title":{"rendered":"Lighting"},"content":{"rendered":"<p>[et_pb_section fb_built=&#8221;1&#8243; fullwidth=&#8221;on&#8221; module_id=&#8221;contSlider&#8221; _builder_version=&#8221;4.4.8&#8243; min_height_tablet=&#8221;&#8221; min_height_phone=&#8221;&#8221; min_height_last_edited=&#8221;on|desktop&#8221; height_tablet=&#8221;&#8221; height_phone=&#8221;&#8221; height_last_edited=&#8221;on|desktop&#8221; custom_margin=&#8221;||||false|false&#8221; custom_padding=&#8221;||0px|||&#8221;][et_pb_fullwidth_slider module_id=&#8221;slider&#8221; _builder_version=&#8221;4.6.3&#8243; header_font=&#8221;|300|||||||&#8221; header_font_size=&#8221;4em&#8221; custom_button=&#8221;on&#8221; button_bg_color=&#8221;rgba(0,0,0,0)&#8221; text_orientation=&#8221;right&#8221; module_alignment=&#8221;center&#8221; height_tablet=&#8221;&#8221; height_phone=&#8221;&#8221; height_last_edited=&#8221;on|desktop&#8221; custom_padding=&#8221;280px||200px||false|false&#8221; custom_padding_tablet=&#8221;240px||120px||false|false&#8221; custom_padding_phone=&#8221;150px||100px||false|false&#8221; custom_padding_last_edited=&#8221;on|phone&#8221; hover_enabled=&#8221;0&#8243; header_font_size_tablet=&#8221;3.5em&#8221; header_font_size_phone=&#8221;2em&#8221; header_font_size_last_edited=&#8221;on|phone&#8221; custom_css_slide_description=&#8221;margin-left: 0;\t||width: 100%;||&#8221; text_shadow_style=&#8221;preset1&#8243; text_shadow_color=&#8221;#272726&#8243; custom_css_slide_description_last_edited=&#8221;on|desktop&#8221; custom_css_slide_description_tablet=&#8221;margin-left: 0;\t||width: 100%;&#8221; custom_css_slide_description_phone=&#8221;margin-left: 0;\t||width: 100%;&#8221; button_bg_color__hover_enabled=&#8221;on|hover&#8221; button_bg_color__hover=&#8221;#272726&#8243; button_bg_enable_color__hover=&#8221;on&#8221; button_border_width__hover_enabled=&#8221;on|desktop&#8221; button_border_width__hover=&#8221;0px&#8221; sticky_enabled=&#8221;0&#8243;][et_pb_slide heading=&#8221;PR\u00d2XIMAMENT&#8221; button_text=&#8221;CONTACTAR&#8221; button_link=&#8221;@ET-DC@eyJkeW5hbWljIjp0cnVlLCJjb250ZW50IjoicG9zdF9saW5rX3VybF9wYWdlIiwic2V0dGluZ3MiOnsicG9zdF9pZCI6IjExNDAzIn19@&#8221; _builder_version=&#8221;4.4.8&#8243; _dynamic_attributes=&#8221;button_link&#8221; body_font_size=&#8221;23px&#8221; background_image=&#8221;https:\/\/seyart.com\/wp-content\/uploads\/2020\/09\/Ba\u0300nner13_la\u0300mpada.jpeg&#8221; background_enable_image=&#8221;on&#8221; background_position=&#8221;center_left&#8221; custom_padding=&#8221;||||false|false&#8221; sticky_transition=&#8221;on&#8221;]Per m\u00e9s informaci\u00f3 o per demanar la teva l\u00e0mpada <br \/><strong>posa&#8217;t en contacte<\/strong> amb nosaltres[\/et_pb_slide][\/et_pb_fullwidth_slider][\/et_pb_section]<\/p>\n","protected":false},"excerpt":{"rendered":"<p>Per m\u00e9s informaci\u00f3 o per demanar la teva l\u00e0mpada posa&#8217;t en contacte amb nosaltres<\/p>\n","protected":false},"author":1,"featured_media":0,"parent":0,"menu_order":0,"comment_status":"closed","ping_status":"closed","template":"","meta":{"_acf_changed":false,"_et_pb_use_builder":"on","_et_pb_old_content":"","_et_gb_content_width":"","footnotes":""},"class_list":["post-12561","page","type-page","status-publish","hentry"],"acf":[],"_links":{"self":[{"href":"https:\/\/seyart.com\/ca\/wp-json\/wp\/v2\/pages\/12561","targetHints":{"allow":["GET"]}}],"collection":[{"href":"https:\/\/seyart.com\/ca\/wp-json\/wp\/v2\/pages"}],"about":[{"href":"https:\/\/seyart.com\/ca\/wp-json\/wp\/v2\/types\/page"}],"author":[{"embeddable":true,"href":"https:\/\/seyart.com\/ca\/wp-json\/wp\/v2\/users\/1"}],"replies":[{"embeddable":true,"href":"https:\/\/seyart.com\/ca\/wp-json\/wp\/v2\/comments?post=12561"}],"version-history":[{"count":0,"href":"https:\/\/seyart.com\/ca\/wp-json\/wp\/v2\/pages\/12561\/revisions"}],"wp:attachment":[{"href":"https:\/\/seyart.com\/ca\/wp-json\/wp\/v2\/media?parent=12561"}],"curies":[{"name":"wp","href":"https:\/\/api.w.org\/{rel}","templated":true}]}}