{"id":12456,"date":"2020-09-03T15:40:31","date_gmt":"2020-09-03T13:40:31","guid":{"rendered":"https:\/\/deivid.vservers.es\/seyart\/nova\/?page_id=12456"},"modified":"2020-10-05T11:36:01","modified_gmt":"2020-10-05T09:36:01","slug":"guia-per-a-la-personalitzacio-duna-peca-de-vidre","status":"publish","type":"page","link":"https:\/\/seyart.com\/ca\/guia-per-a-la-personalitzacio-duna-peca-de-vidre\/","title":{"rendered":"GUIA PER A LA PERSONALITZACI\u00d3 D\u2019UNA PE\u00c7A DE VIDRE"},"content":{"rendered":"<p>[et_pb_section fb_built=&#8221;1&#8243; _builder_version=&#8221;4.4.8&#8243;][et_pb_row _builder_version=&#8221;4.4.8&#8243;][et_pb_column type=&#8221;4_4&#8243; _builder_version=&#8221;4.4.8&#8243;][et_pb_text _builder_version=&#8221;4.4.8&#8243; text_orientation=&#8221;center&#8221;]<\/p>\n<h1><strong>Guia per a la personalitzaci\u00f3 d&#8217;una pe\u00e7a de vidre<\/strong><\/h1>\n<p>[\/et_pb_text][et_pb_divider color=&#8221;#272726&#8243; _builder_version=&#8221;4.4.8&#8243; width=&#8221;25%&#8221; module_alignment=&#8221;center&#8221; custom_margin=&#8221;-20px||||false|false&#8221;][\/et_pb_divider][\/et_pb_column][\/et_pb_row][et_pb_row _builder_version=&#8221;4.4.8&#8243;][et_pb_column type=&#8221;4_4&#8243; _builder_version=&#8221;4.4.8&#8243;][et_pb_text _builder_version=&#8221;4.4.8&#8243; header_2_font_size=&#8221;20px&#8221;]<\/p>\n<h2><span>Necessites un cop de m\u00e0 per personalitzar la teva pe\u00e7a? <\/span><\/h2>\n<h2><span>Tot seguit t\u2019expliquem com fer-ho de forma molt f\u00e0cil i r\u00e0pida un cop hagis escollit quin vidre vols.<\/span><\/h2>\n<p>[\/et_pb_text][\/et_pb_column][\/et_pb_row][et_pb_row _builder_version=&#8221;4.4.8&#8243;][et_pb_column type=&#8221;4_4&#8243; _builder_version=&#8221;4.4.8&#8243;][et_pb_text _builder_version=&#8221;4.6.3&#8243; text_font=&#8221;||||||||&#8221; text_text_color=&#8221;#272726&#8243; ul_font=&#8221;||||||||&#8221; ul_text_color=&#8221;#272726&#8243; ul_line_height=&#8221;1.6em&#8221; hover_enabled=&#8221;0&#8243; sticky_enabled=&#8221;0&#8243;]<\/p>\n<h3><i class=\"fas fa-ruler\"><\/i>\u00a0 \u00a0 \u00a0Escull la mida<\/h3>\n<p>Les mides estan expressades en mm. En el desplegable t\u2019apareixeran ordenades de petita a gran. En funci\u00f3 de la que seleccionis el preu se t\u2019actualitzar\u00e0 a la part superior.<\/p>\n<p>&nbsp;<\/p>\n<h3><i class=\"fas fa-cube\"><\/i>\u00a0 \u00a0 \u00a0Personalitza la pe\u00e7a amb una imatge<\/h3>\n<p>En aquest desplegable has de decidir amb qu\u00e8 vols personalitzar el teu vidre. Qu\u00e8 vols posar-hi a dins i amb quin format vols gravar-lo.<\/p>\n<p>Tenim dos tipus de gravat: en 2D (fotos planes, nom\u00e9s es veuen b\u00e9 frontalment) o en 3D (amb volum i que es poden mirar des de diversos angles). Si vols veure de forma m\u00e9s real quina difer\u00e8ncia hi ha, fes clic a \u201cVeure exemples\u201d.<\/p>\n<p><span style=\"font-size: 14px;\">Tot seguit et detallem totes les opcions disponibles:<\/span><\/p>\n<ul>\n<li><strong>Una foto o un logotip en 2D <\/strong>(pots incloure un text de forma gratu\u00efta)<\/li>\n<li><strong>Una foto i un logotip en 2D<\/strong> (pots incloure un text de forma gratu\u00efta)<\/li>\n<li><strong>Una foto d\u20191 persona en 3D<\/strong> (pots incloure un text de forma gratu\u00efta)<\/li>\n<li><strong>Una foto de 2 persones en 3D<\/strong> (pots incloure un text de forma gratu\u00efta)<\/li>\n<li><strong>Una foto de 3 persones en 3D<\/strong> (pots incloure un text de forma gratu\u00efta)<\/li>\n<li><strong>Un logotip en 3D<\/strong> (pots incloure un text de forma gratu\u00efta)<\/li>\n<li><strong>Un logotip + una foto d\u20191 persona en 3D<\/strong> (pots incloure un text de forma gratu\u00efta)<\/li>\n<li><strong>Nom\u00e9s text<\/strong>: tamb\u00e9 pots personalitzar la pe\u00e7a \u00fanicament amb text. En aquest cas nom\u00e9s haur\u00e0s d\u2019omplir la casella \u201cPersonalitza amb un text\u201d i les altres opcions s\u2019ocultaran.<\/li>\n<li>Tamb\u00e9 pots decidir <strong>no personalitzar-la<\/strong> i comprar el vidre nu amb la mida que escullis, sense cap m\u00e9s afegit. Les opcions de personalitzaci\u00f3 s\u2019ocultaran.<\/li>\n<\/ul>\n<p>&nbsp;<\/p>\n<p>Si no veus al desplegable l\u2019opci\u00f3 de personalitzaci\u00f3 que busques no vol dir que no es pugui fer. Posa\u2019t en contacte amb nosaltres i et donarem una resposta sobre com ha de ser el teu disseny.<\/p>\n<p>&nbsp;<\/p>\n<h3><i class=\"fas fa-image\"><\/i> \u00a0\u00a0\u00a0\u00a0Carrega la teva foto \/ Carrega el teu logo<\/h3>\n<p>Aquestes opcions es mostraran o s\u2019ocultaran en funci\u00f3 de les teves necessitats. Escull la que s\u2019adigui m\u00e9s a la personalitzaci\u00f3. Per exemple: si vols gravar una foto haur\u00e0s de fer-ho des de l\u2019opci\u00f3 \u201cCarrega la teva foto\u201d i si vols gravar un logo haur\u00e0s de fer-ho des de l\u2019opci\u00f3 \u201cCarrega el teu logo\u201d. Si vols gravar una foto i un logo, haur\u00e0s d\u2019utilitzar les dues.<\/p>\n<p>La casella \u201cFes clic per pujar l\u2019arxiu\u201d et permetr\u00e0 carregar la imatge (ja sigui foto, logo o ambdues) que vulguis gravar des del teu ordinador, tauleta, m\u00f2bil o altres dispositius.<\/p>\n<p>Formats acceptats per imatges: jpg, jpeg, png, bmp. Mida m\u00e0xima: 50 MB<\/p>\n<p>&nbsp;<\/p>\n<h3><\/h3>\n<h3><i class=\"fas fa-user-edit\"><\/i> \u00a0\u00a0\u00a0\u00a0Aspectes de la imatge<\/h3>\n<p>Quan tinguis la imatge carregada, el seg\u00fcent pas \u00e9s que ens detallis com vols que sigui el gravat a l\u2019opci\u00f3 \u201cAspectes de la imatge\u201d. En aquest desplegable pots escollir si vols gravar el fons de la teva foto o b\u00e9 nom\u00e9s la silueta de les persones, animals o objectes, sense fons. Fes clic a \u201cVeure exemples\u201d per apreciar la difer\u00e8ncia i escollir el que m\u00e9s s\u2019ajusti al que vols. Tamb\u00e9 pots optar per deixar-ho al nostre criteri i els nostres dissenyadors triaran l\u2019opci\u00f3 que quedi millor per a la pe\u00e7a en q\u00fcesti\u00f3.<\/p>\n<p>&nbsp;<\/p>\n<h3><i class=\"fas fa-align-left\"><\/i> \u00a0\u00a0\u00a0\u00a0Personalitza la pe\u00e7a amb un text<\/h3>\n<p>Tant si vols personalitzar el teu vidre amb una imatge i un text o b\u00e9 nom\u00e9s un text, en aquest camp de color ocre \u00e9s on en has d\u2019escriure exactament qu\u00e8 vols gravar. Afegir un text al teu disseny \u00e9s gratu\u00eft si has triat alguna de les opcions que inclou gravar una imatge 2D o 3D.<\/p>\n<p>No hi ha l\u00edmit de car\u00e0cters i pots maquetar el teu text en diverses l\u00ednies, segons el teu disseny. Tinguis en compte que nosaltres gravarem <u>exactament<\/u> el que tu ens escriguis, no ens fem responsables si el text t\u00e9 faltes d\u2019ortografia i altres incorreccions.<\/p>\n<p>Si tens alguna prefer\u00e8ncia sobre si vols el text centrat, justificat o ens vols fer algun aclariment, pots detallar-ho m\u00e9s avall a la casella \u201cObservacions\u201d.<\/p>\n<p>&nbsp;<\/p>\n<h3><i class=\"fas fa-text-height\"><\/i>\u00a0\u00a0\u00a0\u00a0Tria el tipus de lletra<\/h3>\n<p>Aquesta opci\u00f3 et permet escollir la tipologia de lletra amb qu\u00e8 gravarem el teu text dins del vidre. Te\u2019n proposem algunes o b\u00e9 tamb\u00e9 pots marcar l\u2019opci\u00f3 de deixar-ho al nostre criteri si no t\u2019acabes de decidir o tens dubtes. Els nostres dissenyadors triaran el tipus de lletra m\u00e9s adequat per l\u2019ocasi\u00f3 i tem\u00e0tica de la teva pe\u00e7a.<\/p>\n<p>Fes clic a \u201cVeure exemples\u201d per veure els diferents dissenys de les tipologies que et proposem.<\/p>\n<p>Si per motius de disseny del teu vidre vols utilitzar diferents tipus de lletra, especif\u00edca\u2019ns-ho tamb\u00e9 a la casella \u201cObservacions\u201d que trobar\u00e0s m\u00e9s avall i selecciona qualsevol de les opcions.<\/p>\n<p>&nbsp;<\/p>\n<h3><i class=\"fas fa-vector-square\"><\/i> \u00a0\u00a0\u00a0\u00a0Vols rebre un render previ?<\/h3>\n<p>A continuaci\u00f3, pots marcar aquesta casella si vols que t\u2019enviem una simulaci\u00f3 de com quedar\u00e0 la teva pe\u00e7a abans que la gravem, amb un cost addicional de 6,95\u20ac. D\u2019aquesta manera podr\u00e0s comprovar que t\u2019agrada el disseny i la maquetaci\u00f3 dels elements. Rebras un correu electr\u00f2nic en 24h o 48h amb un disseny virtual de la teva pe\u00e7a amb les especificacions de gravat que ens haur\u00e0s fet en el moment de la compra.<\/p>\n<p>Nom\u00e9s procedirem a gravar la teva pe\u00e7a un cop haguem rebut el teu retorn de conformitat per correu electr\u00f2nic, trucada o whatsapp.<\/p>\n<p>En cas que vulguis fer alguna modificaci\u00f3 en la imatge o el text despr\u00e9s d\u2019haver vist la simulaci\u00f3 virtual, escriu-nos o truca\u2019ns explicant els canvis i et tornarem a enviar un segon render en 24h o 48h amb les correccions. Aquesta opci\u00f3 no t\u00e9 rec\u00e0rrec, la revisi\u00f3 del disseny est\u00e0 inclosa amb el preu de 6,95\u20ac.<\/p>\n<p>&nbsp;<\/p>\n<h3><i class=\"fas fa-question\"><\/i>\u00a0\u00a0\u00a0\u00a0Observacions<\/h3>\n<p>Abans de seguir amb la compra, especif\u00edca\u2019ns en aquesta \u00faltima casella de color ocre tots els aclariments que creguis convenients, referents al disseny del teu gravat, aspectes de la foto o el text.<\/p>\n<p>&nbsp;<\/p>\n<h3><i class=\"fas fa-list-ol\"><\/i>\u00a0\u00a0\u00a0\u00a0Quantes peces vols?<\/h3>\n<p>Per \u00faltim, posa el n\u00famero de peces iguals que vols comprar amb les fletxes de la casella de les unitats i fes clic a \u201cAfegeix a la cistella\u201d per continuar amb la compra i guardar la teva personalitzaci\u00f3. Per dissenys diferents o personalitzacions espec\u00edfiques, has de tornar a realitzar la compra.<\/p>\n<p>[\/et_pb_text][\/et_pb_column][\/et_pb_row][\/et_pb_section]<\/p>\n","protected":false},"excerpt":{"rendered":"<p>Guia per a la personalitzaci\u00f3 d&#8217;una pe\u00e7a de vidreNecessites un cop de m\u00e0 per personalitzar la teva pe\u00e7a? Tot seguit t\u2019expliquem com fer-ho de forma molt f\u00e0cil i r\u00e0pida un cop hagis escollit quin vidre vols.\u00a0 \u00a0 \u00a0Escull la mida Les mides estan expressades en mm. En el desplegable t\u2019apareixeran ordenades de petita a gran. [&hellip;]<\/p>\n","protected":false},"author":1,"featured_media":0,"parent":0,"menu_order":0,"comment_status":"closed","ping_status":"closed","template":"","meta":{"_acf_changed":false,"_et_pb_use_builder":"on","_et_pb_old_content":"","_et_gb_content_width":"","footnotes":""},"class_list":["post-12456","page","type-page","status-publish","hentry"],"acf":[],"_links":{"self":[{"href":"https:\/\/seyart.com\/ca\/wp-json\/wp\/v2\/pages\/12456","targetHints":{"allow":["GET"]}}],"collection":[{"href":"https:\/\/seyart.com\/ca\/wp-json\/wp\/v2\/pages"}],"about":[{"href":"https:\/\/seyart.com\/ca\/wp-json\/wp\/v2\/types\/page"}],"author":[{"embeddable":true,"href":"https:\/\/seyart.com\/ca\/wp-json\/wp\/v2\/users\/1"}],"replies":[{"embeddable":true,"href":"https:\/\/seyart.com\/ca\/wp-json\/wp\/v2\/comments?post=12456"}],"version-history":[{"count":0,"href":"https:\/\/seyart.com\/ca\/wp-json\/wp\/v2\/pages\/12456\/revisions"}],"wp:attachment":[{"href":"https:\/\/seyart.com\/ca\/wp-json\/wp\/v2\/media?parent=12456"}],"curies":[{"name":"wp","href":"https:\/\/api.w.org\/{rel}","templated":true}]}}